{"id":1007,"date":"2021-09-27T11:12:56","date_gmt":"2021-09-27T10:12:56","guid":{"rendered":"http:\/\/energoremont.wswieciu.pl\/?page_id=1007"},"modified":"2023-09-27T11:00:15","modified_gmt":"2023-09-27T10:00:15","slug":"o-firmie","status":"publish","type":"page","link":"https:\/\/energoremont-swiecie.pl\/?page_id=1007","title":{"rendered":"O firmie"},"content":{"rendered":"<p>[et_pb_section fb_built=&#8221;1&#8243; admin_label=&#8221;Hero&#8221; _builder_version=&#8221;4.9.10&#8243; use_background_color_gradient=&#8221;on&#8221; background_color_gradient_start=&#8221;rgba(40,40,40,0.79)&#8221; background_color_gradient_end=&#8221;rgba(96,96,96,0.86)&#8221; background_color_gradient_type=&#8221;radial&#8221; background_color_gradient_direction_radial=&#8221;top left&#8221; background_color_gradient_overlays_image=&#8221;on&#8221; background_image=&#8221;https:\/\/energoremont-swiecie.pl\/wp-content\/uploads\/2021\/09\/tlo.jpg&#8221; custom_margin=&#8221;||-50px||false|&#8221; custom_padding=&#8221;0vw||0vw||true|false&#8221; box_shadow_style=&#8221;preset6&#8243;][et_pb_row column_structure=&#8221;1_2,1_2&#8243; _builder_version=&#8221;3.25&#8243;][et_pb_column type=&#8221;1_2&#8243; _builder_version=&#8221;3.25&#8243; custom_padding=&#8221;|||&#8221; custom_padding__hover=&#8221;|||&#8221;][et_pb_text _builder_version=&#8221;4.9.10&#8243; text_font=&#8221;||||||||&#8221; header_font=&#8221;Rubik|700|||||||&#8221; header_font_size=&#8221;64px&#8221; header_line_height=&#8221;1.1em&#8221; background_layout=&#8221;dark&#8221; max_width=&#8221;800px&#8221; custom_margin=&#8221;||0px|&#8221; custom_padding=&#8221;|||16px&#8221; text_font_size_tablet=&#8221;14px&#8221; text_font_size_last_edited=&#8221;off|desktop&#8221; header_font_size_tablet=&#8221;44px&#8221; header_font_size_phone=&#8221;32px&#8221; header_font_size_last_edited=&#8221;on|phone&#8221; border_color_all=&#8221;#ffb400&#8243; border_width_left=&#8221;10px&#8221;]<\/p>\n<h1>O FIRMIE<\/h1>\n<p>[\/et_pb_text][\/et_pb_column][et_pb_column type=&#8221;1_2&#8243; _builder_version=&#8221;3.25&#8243; custom_padding=&#8221;|||&#8221; custom_padding__hover=&#8221;|||&#8221;][et_pb_text _builder_version=&#8221;4.9.10&#8243; text_font=&#8221;||||||||&#8221; header_font=&#8221;||||||||&#8221; header_2_font=&#8221;Rubik|700|||||||&#8221; header_2_text_color=&#8221;#ffb400&#8243; header_2_font_size=&#8221;32px&#8221; header_2_line_height=&#8221;1.2em&#8221; custom_margin=&#8221;|||&#8221; custom_padding=&#8221;|||&#8221; header_2_font_size_last_edited=&#8221;off|desktop&#8221;]<\/p>\n<h2>MISJA I WIZJA FIRMY<\/h2>\n<p>[\/et_pb_text][et_pb_blurb icon_placement=&#8221;left&#8221; image_max_width=&#8221;64px&#8221; content_max_width=&#8221;1100px&#8221; content_max_width_tablet=&#8221;1100px&#8221; content_max_width_last_edited=&#8221;off|desktop&#8221; _builder_version=&#8221;4.9.10&#8243; header_font=&#8221;Rubik|700|||||||&#8221; header_line_height=&#8221;1.4em&#8221; body_font=&#8221;||||||||&#8221; body_font_size=&#8221;15px&#8221; body_line_height=&#8221;1.8em&#8221; background_layout=&#8221;dark&#8221; custom_margin=&#8221;|||&#8221; custom_padding=&#8221;|||&#8221; animation_style=&#8221;slide&#8221; animation_direction=&#8221;right&#8221; animation_intensity_slide=&#8221;10%&#8221; animation=&#8221;off&#8221;]<\/p>\n<p>Misj\u0105 Naszej firmy jest oferowanie kompleksowych us\u0142ug na najwy\u017cszym poziomie. Nasz\u0105 prac\u0119 opieramy o rzetelno\u015b\u0107, terminowo\u015b\u0107<br \/>oraz na partnerskim podej\u015bciu do wsp\u00f3\u0142pracy z Klientami i Kontrahentami. Ka\u017cdy, nawet najmniejszy realizowany przez Nas projekt<br \/>wykonywany jest zgodnie z zasadami sztuki in\u017cynierskiej, obowi\u0105zuj\u0105cymi normami, a przede wszystkim wytycznymi Klienta.<br \/>Najwy\u017cszy poziom us\u0142ug gwarantuje do\u015bwiadczona kadra pracownik\u00f3w z bogat\u0105 wiedz\u0105 techniczn\u0105.<br \/>D\u0105\u017cymy do osi\u0105gni\u0119cia pozycji lidera w bran\u017cy mechanicznej, cenionego za rzetelno\u015b\u0107 oraz terminowo\u015b\u0107.<\/p>\n<p>[\/et_pb_blurb][\/et_pb_column][\/et_pb_row][\/et_pb_section][et_pb_section fb_built=&#8221;1&#8243; admin_label=&#8221;About Us&#8221; _builder_version=&#8221;4.9.10&#8243; background_color=&#8221;#f7f7f7&#8243; min_height=&#8221;294.7px&#8221; custom_margin=&#8221;44px|||||&#8221; custom_padding=&#8221;27px|||||&#8221;][et_pb_row column_structure=&#8221;1_2,1_2&#8243; _builder_version=&#8221;3.25&#8243;][et_pb_column type=&#8221;1_2&#8243; _builder_version=&#8221;3.25&#8243; custom_padding=&#8221;|||&#8221; custom_padding__hover=&#8221;|||&#8221;][et_pb_text _builder_version=&#8221;4.9.10&#8243; text_font=&#8221;Arial||||||||&#8221; text_text_color=&#8221;#000000&#8243; text_font_size=&#8221;16px&#8221; text_line_height=&#8221;1.6em&#8221; custom_padding=&#8221;|||&#8221; custom_padding_tablet=&#8221;|40px||40px||true&#8221; custom_padding_last_edited=&#8221;off|desktop&#8221; hover_enabled=&#8221;0&#8243; sticky_enabled=&#8221;0&#8243;]<\/p>\n<p>Firma ENERGOREMONT \u015awiecie sp. z o.o. z siedzib\u0105 w \u015awieciu swoj\u0105 dzia\u0142alno\u015b\u0107 na rynku rozpocz\u0119\u0142a 15.05.1991 r. Pocz\u0105tkowo firma opiera\u0142a si\u0119 na za\u0142odze \u201eEnergomonta\u017cu &#8211; P\u00f3\u0142noc\u201d pracuj\u0105cej na terenie Zak\u0142adu Celulozy i Papieru w \u015awieciu, obecnie MONDI \u015awiecie S.A.<\/p>\n<p>Grupa do\u015bwiadczonych pracownik\u00f3w od momentu rozpocz\u0119cia budowy Zak\u0142ad\u00f3w Celulozy i Papieru w \u015awieciu pracowa\u0142a g\u0142\u00f3wnie na<br \/>wydziale energetycznym przy budowie kot\u0142\u00f3w wraz z urz\u0105dzeniami towarzysz\u0105cymi, zbiornik\u00f3w ze stali w\u0119glowej i kwasoodpornej, ruroci\u0105g\u00f3w, a tak\u017ce przy budowie maszynowni, zmi\u0119kczalni wody, wyparek, konstrukcji stalowych oraz estakad.<\/p>\n<p>[\/et_pb_text][\/et_pb_column][et_pb_column type=&#8221;1_2&#8243; _builder_version=&#8221;3.25&#8243; custom_padding=&#8221;|||&#8221; custom_padding__hover=&#8221;|||&#8221;][et_pb_text _builder_version=&#8221;4.9.10&#8243; text_font=&#8221;||||||||&#8221; text_text_color=&#8221;#000000&#8243; text_font_size=&#8221;16px&#8221; text_line_height=&#8221;1.6em&#8221; custom_padding=&#8221;|||&#8221; custom_padding_tablet=&#8221;|40px||40px||true&#8221; custom_padding_last_edited=&#8221;off|desktop&#8221; locked=&#8221;off&#8221;]<\/p>\n<p>Obecnie firma specjalizuje si\u0119 w realizacjach inwestycji w bran\u017cach energetycznej, papierniczej oraz w przemy\u015ble chemicznym i rafineryjnym. Posiadamy bogate referencje w modernizacjach i monta\u017cach urz\u0105dze\u0144 energetycznych, projektowaniu i produkcji oraz remontach zbiornik\u00f3w, wytwarzaniu i monta\u017cach instalacji przemys\u0142owych r\u00f3\u017cnego typu oraz projektowaniu i wytwarzaniu konstrukcji stalowych.<br \/>Warto podkre\u015bli\u0107, \u017ce dysponujemy w\u0142asnym biurem projektowym w specjalizacji mechanicznej. Posiadamy wykwalifikowan\u0105 i sprawdzon\u0105 kadr\u0119 techniczn\u0105 oraz do\u015bwiadczonych i utalentowanych pracownik\u00f3w nadzoru dla kompleksowego prowadzenia wymagaj\u0105cych projekt\u00f3w Naszych klient\u00f3w jako generalny wykonawca.<\/p>\n<p>[\/et_pb_text][\/et_pb_column][\/et_pb_row][\/et_pb_section]<\/p>\n","protected":false},"excerpt":{"rendered":"<p>O FIRMIE MISJA I WIZJA FIRMY Misj\u0105 Naszej firmy jest oferowanie kompleksowych us\u0142ug na najwy\u017cszym poziomie. Nasz\u0105 prac\u0119 opieramy o rzetelno\u015b\u0107, terminowo\u015b\u0107oraz na partnerskim podej\u015bciu do wsp\u00f3\u0142pracy z Klientami i Kontrahentami. Ka\u017cdy, nawet najmniejszy realizowany przez Nas projektwykonywany jest zgodnie z zasadami sztuki in\u017cynierskiej, obowi\u0105zuj\u0105cymi normami, a przede wszystkim wytycznymi Klienta.Najwy\u017cszy poziom us\u0142ug gwarantuje do\u015bwiadczona [&hellip;]<\/p>\n","protected":false},"author":1,"featured_media":0,"parent":0,"menu_order":0,"comment_status":"closed","ping_status":"closed","template":"","meta":{"_et_pb_use_builder":"on","_et_pb_old_content":"","_et_gb_content_width":""},"_links":{"self":[{"href":"https:\/\/energoremont-swiecie.pl\/index.php?rest_route=\/wp\/v2\/pages\/1007"}],"collection":[{"href":"https:\/\/energoremont-swiecie.pl\/index.php?rest_route=\/wp\/v2\/pages"}],"about":[{"href":"https:\/\/energoremont-swiecie.pl\/index.php?rest_route=\/wp\/v2\/types\/page"}],"author":[{"embeddable":true,"href":"https:\/\/energoremont-swiecie.pl\/index.php?rest_route=\/wp\/v2\/users\/1"}],"replies":[{"embeddable":true,"href":"https:\/\/energoremont-swiecie.pl\/index.php?rest_route=%2Fwp%2Fv2%2Fcomments&post=1007"}],"version-history":[{"count":10,"href":"https:\/\/energoremont-swiecie.pl\/index.php?rest_route=\/wp\/v2\/pages\/1007\/revisions"}],"predecessor-version":[{"id":1327,"href":"https:\/\/energoremont-swiecie.pl\/index.php?rest_route=\/wp\/v2\/pages\/1007\/revisions\/1327"}],"wp:attachment":[{"href":"https:\/\/energoremont-swiecie.pl\/index.php?rest_route=%2Fwp%2Fv2%2Fmedia&parent=1007"}],"curies":[{"name":"wp","href":"https:\/\/api.w.org\/{rel}","templated":true}]}}