{"id":1021,"date":"2021-09-27T11:41:03","date_gmt":"2021-09-27T10:41:03","guid":{"rendered":"http:\/\/energoremont.wswieciu.pl\/?page_id=1021"},"modified":"2026-04-15T11:17:36","modified_gmt":"2026-04-15T10:17:36","slug":"zasoby-produkcyjne","status":"publish","type":"page","link":"https:\/\/energoremont-swiecie.pl\/?page_id=1021","title":{"rendered":"Zasoby produkcyjne"},"content":{"rendered":"<p>[et_pb_section fb_built=&#8221;1&#8243; admin_label=&#8221;Hero&#8221; _builder_version=&#8221;4.9.10&#8243; use_background_color_gradient=&#8221;on&#8221; background_color_gradient_start=&#8221;rgba(40,40,40,0.79)&#8221; background_color_gradient_end=&#8221;rgba(40,40,40,0.86)&#8221; background_color_gradient_type=&#8221;radial&#8221; background_color_gradient_direction_radial=&#8221;top left&#8221; background_color_gradient_overlays_image=&#8221;on&#8221; background_image=&#8221;https:\/\/energoremont-swiecie.pl\/wp-content\/uploads\/2021\/09\/222.jpg&#8221; custom_margin=&#8221;||||false&#8221; custom_padding=&#8221;10vw||10vw||true|false&#8221;][et_pb_row _builder_version=&#8221;3.25&#8243;][et_pb_column type=&#8221;4_4&#8243; _builder_version=&#8221;3.25&#8243; custom_padding=&#8221;|||&#8221; custom_padding__hover=&#8221;|||&#8221;][et_pb_text _builder_version=&#8221;4.9.10&#8243; text_font=&#8221;||||||||&#8221; header_font=&#8221;Rubik|700|||||||&#8221; header_font_size=&#8221;64px&#8221; header_line_height=&#8221;1.1em&#8221; background_layout=&#8221;dark&#8221; max_width=&#8221;800px&#8221; custom_margin=&#8221;||0px|&#8221; custom_padding=&#8221;|||16px&#8221; text_font_size_tablet=&#8221;14px&#8221; text_font_size_last_edited=&#8221;off|desktop&#8221; header_font_size_tablet=&#8221;44px&#8221; header_font_size_phone=&#8221;32px&#8221; header_font_size_last_edited=&#8221;on|phone&#8221; border_color_all=&#8221;#ffb400&#8243; border_width_left=&#8221;10px&#8221;]<\/p>\n<h1>Zasoby produkcyjne<\/h1>\n<p>[\/et_pb_text][\/et_pb_column][\/et_pb_row][\/et_pb_section][et_pb_section fb_built=&#8221;1&#8243; admin_label=&#8221;About Us&#8221; _builder_version=&#8221;4.9.10&#8243; background_color=&#8221;#f7f7f7&#8243;][et_pb_row column_structure=&#8221;1_4,1_4,1_4,1_4&#8243; _builder_version=&#8221;3.25&#8243;][et_pb_column type=&#8221;1_4&#8243; _builder_version=&#8221;3.25&#8243; custom_padding=&#8221;|||&#8221; custom_padding__hover=&#8221;|||&#8221;][et_pb_image src=&#8221;https:\/\/energoremont-swiecie.pl\/wp-content\/uploads\/2021\/09\/aa001-10.jpg&#8221; title_text=&#8221;aa001&#8243; show_in_lightbox=&#8221;on&#8221; _builder_version=&#8221;4.9.10&#8243; _module_preset=&#8221;default&#8221; animation_style=&#8221;flip&#8221;][\/et_pb_image][\/et_pb_column][et_pb_column type=&#8221;1_4&#8243; _builder_version=&#8221;3.25&#8243; custom_padding=&#8221;|||&#8221; custom_padding__hover=&#8221;|||&#8221;][et_pb_image src=&#8221;https:\/\/energoremont-swiecie.pl\/wp-content\/uploads\/2021\/09\/aa002-9.jpg&#8221; title_text=&#8221;aa002&#8243; show_in_lightbox=&#8221;on&#8221; _builder_version=&#8221;4.9.10&#8243; _module_preset=&#8221;default&#8221; animation_style=&#8221;flip&#8221;][\/et_pb_image][\/et_pb_column][et_pb_column type=&#8221;1_4&#8243; _builder_version=&#8221;3.25&#8243; custom_padding=&#8221;|||&#8221; custom_padding__hover=&#8221;|||&#8221;][et_pb_image src=&#8221;https:\/\/energoremont-swiecie.pl\/wp-content\/uploads\/2021\/09\/aa003-7.jpg&#8221; title_text=&#8221;aa003&#8243; show_in_lightbox=&#8221;on&#8221; _builder_version=&#8221;4.9.10&#8243; _module_preset=&#8221;default&#8221; animation_style=&#8221;flip&#8221;][\/et_pb_image][\/et_pb_column][et_pb_column type=&#8221;1_4&#8243; _builder_version=&#8221;3.25&#8243; custom_padding=&#8221;|||&#8221; custom_padding__hover=&#8221;|||&#8221;][et_pb_image src=&#8221;https:\/\/energoremont-swiecie.pl\/wp-content\/uploads\/2021\/09\/aa004-5.jpg&#8221; title_text=&#8221;aa004&#8243; show_in_lightbox=&#8221;on&#8221; _builder_version=&#8221;4.9.10&#8243; _module_preset=&#8221;default&#8221; animation_style=&#8221;flip&#8221;][\/et_pb_image][\/et_pb_column][\/et_pb_row][et_pb_row column_structure=&#8221;1_2,1_2&#8243; _builder_version=&#8221;3.25&#8243;][et_pb_column type=&#8221;1_2&#8243; _builder_version=&#8221;3.25&#8243; custom_padding=&#8221;|||&#8221; custom_padding__hover=&#8221;|||&#8221;][et_pb_text _builder_version=&#8221;4.9.10&#8243; text_font=&#8221;||||||||&#8221; text_text_color=&#8221;#000000&#8243; text_font_size=&#8221;16px&#8221; text_line_height=&#8221;1.6em&#8221; custom_padding=&#8221;|||&#8221; custom_padding_tablet=&#8221;|40px||40px||true&#8221; custom_padding_last_edited=&#8221;off|desktop&#8221;]<\/p>\n<p>Z\u0142o\u017cone projekty dla Naszych klient\u00f3w realizujemy w kilku nowoczesnych halach produkcyjnych o okre\u015blonym przeznaczeniu. Jedn\u0105 z nich jest hala produkcyjno-remontowa stali w\u0119glowej o powierzchni 1780 m2 wyposa\u017cona m.in. w :<\/p>\n<ul>\n<li>no\u017cyce hydrauliczne,<\/li>\n<li>hydrauliczn\u0105 pras\u0119 kraw\u0119dziow\u0105,<\/li>\n<li>hydrauliczne walce zwijaj\u0105ce,<\/li>\n<li>przecinarki ta\u015bmowe, prasy, szlifierki.<\/li>\n<\/ul>\n<p>[\/et_pb_text][\/et_pb_column][et_pb_column type=&#8221;1_2&#8243; _builder_version=&#8221;3.25&#8243; custom_padding=&#8221;|||&#8221; custom_padding__hover=&#8221;|||&#8221;][et_pb_text _builder_version=&#8221;4.9.10&#8243; text_font=&#8221;||||||||&#8221; text_text_color=&#8221;#000000&#8243; text_font_size=&#8221;16px&#8221; text_line_height=&#8221;1.6em&#8221; custom_padding=&#8221;|||&#8221; custom_padding_tablet=&#8221;|40px||40px||true&#8221; custom_padding_last_edited=&#8221;off|desktop&#8221; locked=&#8221;off&#8221;]<\/p>\n<p>Produkcja wyrob\u00f3w ze stali kwasoodpornej rozpoczyna si\u0119 na osobnej hali przeznaczonej wy\u0142\u0105cznie do prefabrykacji tych materia\u0142\u00f3w. Prefabrykacja odbywa si\u0119 w oparciu o szereg urz\u0105dze\u0144:<\/p>\n<ul>\n<li>zwijark\u0119 do rur i profili,<\/li>\n<li>no\u017cyce hydrauliczne,<\/li>\n<li>hydrauliczn\u0105 pras\u0119 kraw\u0119dziow\u0105,<\/li>\n<li>przecinark\u0119 p\u00f3\u0142automatyczn\u0105, it<\/li>\n<\/ul>\n<p>[\/et_pb_text][\/et_pb_column][\/et_pb_row][et_pb_row _builder_version=&#8221;4.9.10&#8243; _module_preset=&#8221;default&#8221;][et_pb_column type=&#8221;4_4&#8243; _builder_version=&#8221;4.9.10&#8243; _module_preset=&#8221;default&#8221;][et_pb_text _builder_version=&#8221;4.9.10&#8243; _module_preset=&#8221;default&#8221; text_text_color=&#8221;#000000&#8243; text_font_size=&#8221;16px&#8221; text_line_height=&#8221;1.6em&#8221; custom_margin=&#8221;-43px|||||&#8221;]<\/p>\n<p>W\u0142a\u015bciwa produkcja wyrob\u00f3w ze stali kwasoodpornej odbywa si\u0119, zgodnie z zasadami sztuki in\u017cynierskiej w separacji od materia\u0142\u00f3w ze stali w\u0119glowej, na hali o powierzchni 500 m2.<\/p>\n<p>Na terenie zak\u0142adu znajduje si\u0119 r\u00f3wnie\u017c hala obr\u00f3bki skrawaniem wyposa\u017cona w takie urz\u0105dzenia jak tokarki, frezarki, wiertarko-frezark\u0119, szlifierk\u0119 do p\u0142aszczyzn oraz hala ci\u0119cia termicznego, w kt\u00f3rej znajduje si\u0119 przecinarka plazmowa CNC. Stanowisko przecinarki posiada st\u00f3\u0142 do ci\u0119cia blach o wymiarach 16,5m x 3m. Umo\u017cliwia ci\u0119cie stali w\u0119glowej do 200mm i stali kwasoodpornej do 100mm. Przecinarka wsp\u00f3\u0142pracuje z obrotnikiem ESR 600 umo\u017cliwia ci\u0119cie rur do \u00d8600mm.<\/p>\n<p>Ponadto firma posiada w\u0142asn\u0105 \u015brutownie wyposa\u017con\u0105 w automatyczn\u0105 recyrkulacje \u015bcierniwa oraz uk\u0142ad odpylania, malarnie<br \/>zaopatrzon\u0105 w automatyczn\u0105 wymian\u0119 powietrza, uk\u0142ad nagrzewnic do nagrzania i osuszenia powietrza oraz myjni\u0119 wyrob\u00f3w<br \/>gotowych do trawienia i pasywacji stali kwasoodpornych i nierdzewnych. Posiadamy r\u00f3wnie\u017c szereg urz\u0105dze\u0144 mobilnych oraz<br \/>nowoczesny sprz\u0119t spawalniczo-monterski czo\u0142owych europejskich producent\u00f3w.<\/p>\n<p>Dla kompleksowej realizacji projekt\u00f3w firma posiada w\u0142asne materia\u0142y i uprawniony personel do BUDOWY RUSZTOWA\u0143 modu\u0142owych bazuj\u0105c na technologii firmy PERI. Dodatkowo park maszynowy wzbogacaj\u0105 \u017curawie samojezdne o ud\u017awigu do 55Ton.<\/p>\n<p>[\/et_pb_text][\/et_pb_column][\/et_pb_row][\/et_pb_section]<\/p>\n","protected":false},"excerpt":{"rendered":"<p>Zasoby produkcyjne Z\u0142o\u017cone projekty dla Naszych klient\u00f3w realizujemy w kilku nowoczesnych halach produkcyjnych o okre\u015blonym przeznaczeniu. Jedn\u0105 z nich jest hala produkcyjno-remontowa stali w\u0119glowej o powierzchni 1780 m2 wyposa\u017cona m.in. w : no\u017cyce hydrauliczne, hydrauliczn\u0105 pras\u0119 kraw\u0119dziow\u0105, hydrauliczne walce zwijaj\u0105ce, przecinarki ta\u015bmowe, prasy, szlifierki. Produkcja wyrob\u00f3w ze stali kwasoodpornej rozpoczyna si\u0119 na osobnej hali przeznaczonej [&hellip;]<\/p>\n","protected":false},"author":1,"featured_media":0,"parent":0,"menu_order":0,"comment_status":"closed","ping_status":"closed","template":"","meta":{"_et_pb_use_builder":"on","_et_pb_old_content":"","_et_gb_content_width":""},"_links":{"self":[{"href":"https:\/\/energoremont-swiecie.pl\/index.php?rest_route=\/wp\/v2\/pages\/1021"}],"collection":[{"href":"https:\/\/energoremont-swiecie.pl\/index.php?rest_route=\/wp\/v2\/pages"}],"about":[{"href":"https:\/\/energoremont-swiecie.pl\/index.php?rest_route=\/wp\/v2\/types\/page"}],"author":[{"embeddable":true,"href":"https:\/\/energoremont-swiecie.pl\/index.php?rest_route=\/wp\/v2\/users\/1"}],"replies":[{"embeddable":true,"href":"https:\/\/energoremont-swiecie.pl\/index.php?rest_route=%2Fwp%2Fv2%2Fcomments&post=1021"}],"version-history":[{"count":9,"href":"https:\/\/energoremont-swiecie.pl\/index.php?rest_route=\/wp\/v2\/pages\/1021\/revisions"}],"predecessor-version":[{"id":1384,"href":"https:\/\/energoremont-swiecie.pl\/index.php?rest_route=\/wp\/v2\/pages\/1021\/revisions\/1384"}],"wp:attachment":[{"href":"https:\/\/energoremont-swiecie.pl\/index.php?rest_route=%2Fwp%2Fv2%2Fmedia&parent=1021"}],"curies":[{"name":"wp","href":"https:\/\/api.w.org\/{rel}","templated":true}]}}