{"id":1094,"date":"2021-09-28T13:24:12","date_gmt":"2021-09-28T12:24:12","guid":{"rendered":"http:\/\/energoremont.wswieciu.pl\/?page_id=1094"},"modified":"2026-04-15T09:07:00","modified_gmt":"2026-04-15T08:07:00","slug":"energoremont","status":"publish","type":"page","link":"https:\/\/energoremont-swiecie.pl\/?page_id=1094&lang=en","title":{"rendered":"Energoremont"},"content":{"rendered":"<p>[et_pb_section fb_built=&#8221;1&#8243; admin_label=&#8221;Hero&#8221; _builder_version=&#8221;4.9.4&#8243; background_image=&#8221;http:\/\/energoremont.wswieciu.pl\/wp-content\/uploads\/2021\/07\/006a.jpg&#8221; module_alignment=&#8221;center&#8221; custom_padding=&#8221;0px||0px||true|false&#8221;][et_pb_row column_structure=&#8221;2_3,1_3&#8243; use_custom_gutter=&#8221;on&#8221; make_equal=&#8221;on&#8221; padding_top_bottom_link_1=&#8221;true&#8221; padding_top_bottom_link_2=&#8221;true&#8221; padding_left_right_link_1=&#8221;true&#8221; padding_left_right_link_2=&#8221;true&#8221; _builder_version=&#8221;4.9.10&#8243; background_image=&#8221;https:\/\/energoremont-swiecie.pl\/wp-content\/uploads\/2021\/07\/006a.jpg&#8221; parallax=&#8221;on&#8221; width=&#8221;100%&#8221; max_width=&#8221;100%&#8221; custom_margin=&#8221;-41px|auto|-44px|auto|false|false&#8221; custom_padding=&#8221;0px||0px||true&#8221; use_custom_width=&#8221;on&#8221; width_unit=&#8221;off&#8221; custom_width_percent=&#8221;100%&#8221; saved_tabs=&#8221;all&#8221;][et_pb_column type=&#8221;2_3&#8243; _builder_version=&#8221;4.9.4&#8243; background_enable_image=&#8221;off&#8221; background_position=&#8221;top_right&#8221; custom_padding=&#8221;10vw|6vw|10vw|6vw&#8221; custom_padding_tablet=&#8221;10vw|10%|10vw|10%|true|true&#8221; custom_padding_phone=&#8221;&#8221; custom_padding_last_edited=&#8221;on|desktop&#8221; padding_tablet=&#8221;10vw|10%|10vw|10%|true|true&#8221; padding_last_edited=&#8221;on|desktop&#8221; custom_padding__hover=&#8221;|||&#8221;][et_pb_text _builder_version=&#8221;4.9.10&#8243; text_font=&#8221;||||||||&#8221; header_font=&#8221;Rubik|700|||||||&#8221; header_font_size=&#8221;64px&#8221; header_line_height=&#8221;1.1em&#8221; background_layout=&#8221;dark&#8221; max_width=&#8221;800px&#8221; custom_margin=&#8221;||0px|&#8221; custom_padding=&#8221;|||16px&#8221; text_font_size_tablet=&#8221;14px&#8221; text_font_size_last_edited=&#8221;off|desktop&#8221; header_font_size_tablet=&#8221;44px&#8221; header_font_size_phone=&#8221;32px&#8221; header_font_size_last_edited=&#8221;on|phone&#8221; border_color_all=&#8221;#ffb400&#8243; border_width_left=&#8221;10px&#8221;]<\/p>\n<h1><span>Your partner in projects for industry<\/span><\/h1>\n<p>[\/et_pb_text][et_pb_text _builder_version=&#8221;3.27.4&#8243; text_font=&#8221;||||||||&#8221; text_font_size=&#8221;22px&#8221; text_line_height=&#8221;1.6em&#8221; header_font=&#8221;||||||||&#8221; background_layout=&#8221;dark&#8221; max_width=&#8221;800px&#8221; custom_margin=&#8221;|||&#8221; custom_padding=&#8221;20px||20px||true&#8221; text_font_size_tablet=&#8221;18px&#8221; text_font_size_phone=&#8221;&#8221; text_font_size_last_edited=&#8221;on|phone&#8221;][\/et_pb_text][\/et_pb_column][et_pb_column type=&#8221;1_3&#8243; _builder_version=&#8221;3.25&#8243; background_color=&#8221;#ffb400&#8243; custom_padding=&#8221;80px|40px|80px|40px&#8221; custom_padding_tablet=&#8221;|10%||10%||true&#8221; custom_padding_phone=&#8221;&#8221; custom_padding_last_edited=&#8221;on|desktop&#8221; padding_tablet=&#8221;|10%||10%||true&#8221; padding_last_edited=&#8221;on|desktop&#8221; custom_padding__hover=&#8221;|||&#8221;][et_pb_text _builder_version=&#8221;4.9.10&#8243; _module_preset=&#8221;default&#8221; text_font_size=&#8221;15px&#8221; header_font_size=&#8221;36px&#8221; min_height=&#8221;33px&#8221; custom_margin=&#8221;||15px|||&#8221; custom_padding=&#8221;0px||0px|||&#8221;]<\/p>\n<h1><strong>Offer<\/strong><\/h1>\n<p>[\/et_pb_text][et_pb_blurb title=&#8221;PIPELINE SYSTEMS&#8221; url=&#8221;https:\/\/energoremont-swiecie.pl\/?page_id=1068&#8243; image=&#8221;https:\/\/energoremont-swiecie.pl\/wp-content\/uploads\/2021\/09\/aa002-5.jpg&#8221; alt=&#8221;ENERGETYKA&#8221; icon_placement=&#8221;left&#8221; image_max_width=&#8221;100px&#8221; content_max_width=&#8221;1100px&#8221; content_max_width_tablet=&#8221;1100px&#8221; content_max_width_last_edited=&#8221;off|desktop&#8221; _builder_version=&#8221;4.9.10&#8243; header_level=&#8221;h5&#8243; header_font=&#8221;Rubik|700|||||||&#8221; header_text_color=&#8221;#2a2a2a&#8221; body_font=&#8221;||||||||&#8221; body_font_size=&#8221;15px&#8221; body_line_height=&#8221;1.2em&#8221; background_enable_image=&#8221;off&#8221; transform_scale=&#8221;120%|120%&#8221; background_layout=&#8221;dark&#8221; module_alignment=&#8221;left&#8221; min_height=&#8221;87px&#8221; custom_margin=&#8221;|||15px|false|false&#8221; custom_padding=&#8221;||21px|||&#8221; animation_style=&#8221;slide&#8221; animation_direction=&#8221;right&#8221; animation_duration=&#8221;500ms&#8221; animation_intensity_slide=&#8221;10%&#8221; animation=&#8221;off&#8221; custom_css_blurb_image=&#8221;vertical-align: middle;&#8221;]<\/p>\n<p>Our offer includes comprehensive execution of pipeline systems for various purposes for the paper, energy, chemical and petro-chemical branches.<\/p>\n<p>[\/et_pb_blurb][et_pb_blurb title=&#8221;TANKS&#8221; url=&#8221;https:\/\/energoremont-swiecie.pl\/?page_id=1076&#8243; image=&#8221;https:\/\/energoremont-swiecie.pl\/wp-content\/uploads\/2021\/07\/zbiorniki.png&#8221; alt=&#8221;zbiorniki&#8221; icon_placement=&#8221;left&#8221; image_max_width=&#8221;100px&#8221; content_max_width=&#8221;1100px&#8221; content_max_width_tablet=&#8221;1100px&#8221; content_max_width_last_edited=&#8221;off|desktop&#8221; disabled_on=&#8221;off|on|off&#8221; _builder_version=&#8221;4.9.10&#8243; header_level=&#8221;h5&#8243; header_font=&#8221;Rubik|700|||||||&#8221; header_text_color=&#8221;#2a2a2a&#8221; body_font=&#8221;||||||||&#8221; body_font_size=&#8221;15px&#8221; body_line_height=&#8221;1.2em&#8221; transform_scale=&#8221;120%|120%&#8221; background_layout=&#8221;dark&#8221; custom_margin=&#8221;-26px||-9px|15px|false|false&#8221; custom_padding=&#8221;3px||||false|false&#8221; animation_style=&#8221;slide&#8221; animation_direction=&#8221;right&#8221; animation_delay=&#8221;50ms&#8221; animation_intensity_slide=&#8221;10%&#8221; animation=&#8221;off&#8221; custom_css_blurb_image=&#8221;vertical-align: middle;&#8221;]<\/p>\n<p>ENERGOREMONT also has many years of experience in the design, manufacture and assembly of both pressurised and<br \/>non-pressurised tanks.<\/p>\n<p>[\/et_pb_blurb][et_pb_blurb title=&#8221;POWER EQUIPMENT&#8221; url=&#8221;https:\/\/energoremont-swiecie.pl\/?page_id=1126&#8243; image=&#8221;https:\/\/energoremont-swiecie.pl\/wp-content\/uploads\/2021\/09\/aa004-1.jpg&#8221; alt=&#8221;papiernictwo&#8221; icon_placement=&#8221;left&#8221; image_max_width=&#8221;100px&#8221; content_max_width=&#8221;1100px&#8221; content_max_width_tablet=&#8221;1100px&#8221; content_max_width_last_edited=&#8221;off|desktop&#8221; _builder_version=&#8221;4.9.10&#8243; header_level=&#8221;h5&#8243; header_font=&#8221;Rubik|700|||||||&#8221; header_text_color=&#8221;#2a2a2a&#8221; body_font=&#8221;||||||||&#8221; body_font_size=&#8221;15px&#8221; body_line_height=&#8221;1.2em&#8221; transform_scale=&#8221;120%|120%&#8221; background_layout=&#8221;dark&#8221; min_height=&#8221;127.3px&#8221; custom_margin=&#8221;|||15px|false|false&#8221; custom_padding=&#8221;39px||||false|false&#8221; animation_style=&#8221;slide&#8221; animation_direction=&#8221;right&#8221; animation_delay=&#8221;100ms&#8221; animation_intensity_slide=&#8221;10%&#8221; animation=&#8221;off&#8221; custom_css_blurb_image=&#8221;vertical-align: middle;&#8221;]<\/p>\n<p>Power engineering is one of our most important branches, for which we provide a number of specialized services.<\/p>\n<p>[\/et_pb_blurb][et_pb_blurb title=&#8221;OVERHAULS AND ASSEMBLIES OF EQUIPMENT&#8221; url=&#8221;https:\/\/energoremont-swiecie.pl\/?page_id=1133&#8243; image=&#8221;https:\/\/energoremont-swiecie.pl\/wp-content\/uploads\/2021\/09\/Clipboard01.jpg&#8221; alt=&#8221;papiernictwo&#8221; icon_placement=&#8221;left&#8221; image_max_width=&#8221;100px&#8221; content_max_width=&#8221;1100px&#8221; content_max_width_tablet=&#8221;1100px&#8221; content_max_width_last_edited=&#8221;off|desktop&#8221; _builder_version=&#8221;4.9.10&#8243; header_level=&#8221;h5&#8243; header_font=&#8221;Rubik|700|||||||&#8221; header_text_color=&#8221;#2a2a2a&#8221; body_font=&#8221;||||||||&#8221; body_font_size=&#8221;15px&#8221; body_line_height=&#8221;1.2em&#8221; transform_scale=&#8221;120%|120%&#8221; background_layout=&#8221;dark&#8221; custom_margin=&#8221;-4px||14px|15px|false|false&#8221; custom_padding=&#8221;5px||||false|false&#8221; animation_style=&#8221;slide&#8221; animation_direction=&#8221;right&#8221; animation_delay=&#8221;150ms&#8221; animation_intensity_slide=&#8221;10%&#8221; animation=&#8221;off&#8221; custom_css_blurb_image=&#8221;vertical-align: middle;&#8221;]<\/p>\n<p>Our company has been carrying out overhauls in the Petro-Chemical, Paper and Energy industries for years as a General Contractor.<\/p>\n<p>[\/et_pb_blurb][et_pb_blurb title=&#8221;STEEL STRUCTURES&#8221; url=&#8221;https:\/\/energoremont-swiecie.pl\/?page_id=1138&#8243; image=&#8221;https:\/\/energoremont-swiecie.pl\/wp-content\/uploads\/2021\/09\/aa002-3.jpg&#8221; alt=&#8221;ENERGETYKA&#8221; icon_placement=&#8221;left&#8221; image_max_width=&#8221;100px&#8221; content_max_width=&#8221;1100px&#8221; content_max_width_tablet=&#8221;1100px&#8221; content_max_width_last_edited=&#8221;off|desktop&#8221; _builder_version=&#8221;4.9.10&#8243; header_level=&#8221;h5&#8243; header_font=&#8221;Rubik|700|||||||&#8221; header_text_color=&#8221;#2a2a2a&#8221; body_font=&#8221;||||||||&#8221; body_font_size=&#8221;15px&#8221; body_line_height=&#8221;1.2em&#8221; transform_scale=&#8221;120%|120%&#8221; background_layout=&#8221;dark&#8221; min_height=&#8221;102px&#8221; custom_margin=&#8221;25px|||15px|false|false&#8221; custom_padding=&#8221;20px||||false|false&#8221; animation_style=&#8221;slide&#8221; animation_direction=&#8221;right&#8221; animation_delay=&#8221;200ms&#8221; animation_intensity_slide=&#8221;10%&#8221; animation=&#8221;off&#8221; custom_css_blurb_image=&#8221;vertical-align: middle;&#8221;]<\/p>\n<p>For many years, our company has also been supplying specialist steel structures<br \/>for shipbuilding industry.<\/p>\n<p>[\/et_pb_blurb][\/et_pb_column][\/et_pb_row][\/et_pb_section][et_pb_section fb_built=&#8221;1&#8243; admin_label=&#8221; Get a Quote&#8221; _builder_version=&#8221;3.22&#8243; custom_padding=&#8221;20px|0px|20px|0px|true|false&#8221; animation_style=&#8221;slide&#8221; animation_direction=&#8221;top&#8221; animation_intensity_slide=&#8221;10%&#8221; box_shadow_style=&#8221;preset3&#8243; box_shadow_vertical=&#8221;10px&#8221; box_shadow_blur=&#8221;105px&#8221; box_shadow_spread=&#8221;0px&#8221; box_shadow_color=&#8221;rgba(0,0,0,0.12)&#8221;][et_pb_row column_structure=&#8221;3_5,2_5&#8243; _builder_version=&#8221;3.25&#8243; background_color=&#8221;#ffffff&#8221; custom_margin=&#8221;|||&#8221;][et_pb_column type=&#8221;3_5&#8243; _builder_version=&#8221;3.25&#8243; custom_padding=&#8221;|||&#8221; custom_padding__hover=&#8221;|||&#8221;][et_pb_text _builder_version=&#8221;4.9.10&#8243; text_font=&#8221;||||||||&#8221; header_font=&#8221;||||||||&#8221; header_2_font=&#8221;Rubik|700|||||||&#8221; header_2_font_size=&#8221;42px&#8221; header_2_line_height=&#8221;1.2em&#8221; header_2_font_size_tablet=&#8221;&#8221; header_2_font_size_phone=&#8221;36px&#8221; header_2_font_size_last_edited=&#8221;on|phone&#8221;]<\/p>\n<h2>Do you have any questions? Contact us<\/h2>\n<p>[\/et_pb_text][\/et_pb_column][et_pb_column type=&#8221;2_5&#8243; _builder_version=&#8221;3.25&#8243; custom_padding=&#8221;|||&#8221; custom_padding__hover=&#8221;|||&#8221;][et_pb_button button_url=&#8221;https:\/\/energoremont-swiecie.pl\/?page_id=1159&#038;lang=en&#8221; button_text=&#8221;CONTACT&#8221; button_alignment=&#8221;center&#8221; _builder_version=&#8221;4.9.10&#8243; custom_button=&#8221;on&#8221; button_text_size=&#8221;14px&#8221; button_text_color=&#8221;#ffb400&#8243; button_border_width=&#8221;4px&#8221; button_border_radius=&#8221;0px&#8221; button_letter_spacing=&#8221;4px&#8221; button_font=&#8221;Rubik|700||on|||||&#8221; button_icon=&#8221;%%3%%&#8221; custom_padding=&#8221;12px|30px|12px|30px|true|true&#8221; button_text_color_hover=&#8221;#ffffff&#8221; button_border_color_hover=&#8221;#ffb400&#8243; button_bg_color_hover=&#8221;#ffb400&#8243; button_text_size__hover_enabled=&#8221;off&#8221; button_one_text_size__hover_enabled=&#8221;off&#8221; button_two_text_size__hover_enabled=&#8221;off&#8221; button_text_color__hover_enabled=&#8221;on&#8221; button_text_color__hover=&#8221;#ffffff&#8221; button_one_text_color__hover_enabled=&#8221;off&#8221; button_two_text_color__hover_enabled=&#8221;off&#8221; button_border_width__hover_enabled=&#8221;off&#8221; button_one_border_width__hover_enabled=&#8221;off&#8221; button_two_border_width__hover_enabled=&#8221;off&#8221; button_border_color__hover_enabled=&#8221;on&#8221; button_border_color__hover=&#8221;#ffb400&#8243; button_one_border_color__hover_enabled=&#8221;off&#8221; button_two_border_color__hover_enabled=&#8221;off&#8221; button_border_radius__hover_enabled=&#8221;off&#8221; button_one_border_radius__hover_enabled=&#8221;off&#8221; button_two_border_radius__hover_enabled=&#8221;off&#8221; button_letter_spacing__hover_enabled=&#8221;off&#8221; button_one_letter_spacing__hover_enabled=&#8221;off&#8221; button_two_letter_spacing__hover_enabled=&#8221;off&#8221; button_bg_color__hover_enabled=&#8221;on&#8221; button_bg_color__hover=&#8221;#ffb400&#8243; button_one_bg_color__hover_enabled=&#8221;off&#8221; button_two_bg_color__hover_enabled=&#8221;off&#8221;][\/et_pb_button][\/et_pb_column][\/et_pb_row][\/et_pb_section][et_pb_section fb_built=&#8221;1&#8243; use_custom_gutter=&#8221;on&#8221; gutter_width=&#8221;1&#8243; specialty=&#8221;on&#8221; background_color_2=&#8221;#f7f7f7&#8243; padding_top_2=&#8221;60px&#8221; admin_label=&#8221;About Us&#8221; module_class=&#8221; et_pb_specialty_fullwidth&#8221; _builder_version=&#8221;4.9.10&#8243; use_background_color_gradient=&#8221;on&#8221; background_color_gradient_start=&#8221;rgba(12,12,12,0.4)&#8221; background_color_gradient_end=&#8221;rgba(12,12,12,0)&#8221; background_color_gradient_type=&#8221;radial&#8221; background_color_gradient_direction_radial=&#8221;top left&#8221; background_image=&#8221;https:\/\/energoremont-swiecie.pl\/wp-content\/uploads\/2021\/07\/018.jpg&#8221; background_size=&#8221;contain&#8221; background_position=&#8221;center_left&#8221; inner_width=&#8221;100%&#8221; inner_width_tablet=&#8221;100%&#8221; inner_width_phone=&#8221;&#8221; inner_width_last_edited=&#8221;on|desktop&#8221; inner_max_width=&#8221;100%&#8221; inner_max_width_tablet=&#8221;100%&#8221; inner_max_width_phone=&#8221;&#8221; inner_max_width_last_edited=&#8221;on|desktop&#8221; custom_margin=&#8221;|||&#8221; custom_padding=&#8221;0px|0px|0px|0px|true|false&#8221; background_last_edited=&#8221;on|tablet&#8221; background_image_tablet=&#8221;http:\/\/energoremont.wswieciu.pl\/wp-content\/uploads\/2021\/07\/008-1.jpg&#8221; background_enable_image_tablet=&#8221;on&#8221; background_size_tablet=&#8221;contain&#8221; background_position_tablet=&#8221;top_center&#8221; make_fullwidth=&#8221;on&#8221;][et_pb_column type=&#8221;1_3&#8243; _builder_version=&#8221;3.25&#8243; custom_padding=&#8221;|||&#8221; custom_padding__hover=&#8221;|||&#8221;][et_pb_divider show_divider=&#8221;off&#8221; _builder_version=&#8221;4.9.4&#8243; height=&#8221;240px&#8221;][\/et_pb_divider][\/et_pb_column][et_pb_column type=&#8221;2_3&#8243; specialty_columns=&#8221;2&#8243; _builder_version=&#8221;3.25&#8243; background_color=&#8221;#f7f7f7&#8243; custom_padding=&#8221;|||&#8221; custom_padding__hover=&#8221;|||&#8221;][et_pb_row_inner custom_padding_last_edited=&#8221;on|tablet&#8221; _builder_version=&#8221;4.9.4&#8243; custom_margin=&#8221;|||&#8221; custom_margin_tablet=&#8221;&#8221; custom_margin_phone=&#8221;-29px||||false|false&#8221; custom_margin_last_edited=&#8221;on|phone&#8221; custom_padding=&#8221;|8vw|45px|8vw|false|false&#8221; custom_padding_tablet=&#8221;|40px||40px||true&#8221; custom_padding_phone=&#8221;||||false|false&#8221;][et_pb_column_inner saved_specialty_column_type=&#8221;2_3&#8243; _builder_version=&#8221;3.25&#8243; custom_padding=&#8221;|||&#8221; custom_padding__hover=&#8221;|||&#8221;][et_pb_text _builder_version=&#8221;4.9.10&#8243; text_font=&#8221;||||||||&#8221; header_font=&#8221;||||||||&#8221; header_2_font=&#8221;Rubik|700|||||||&#8221; header_2_font_size=&#8221;42px&#8221; header_2_line_height=&#8221;1.2em&#8221; module_alignment=&#8221;center&#8221; custom_margin=&#8221;-30px||||false|false&#8221; custom_padding=&#8221;0px||||false|false&#8221; header_2_font_size_tablet=&#8221;&#8221; header_2_font_size_phone=&#8221;36px&#8221; header_2_font_size_last_edited=&#8221;on|phone&#8221; locked=&#8221;off&#8221; inline_fonts=&#8221;Alike Angular&#8221;]<\/p>\n<h2><span style=\"font-family: inherit; font-weight: normal;\">About Us<\/span><\/h2>\n<p>[\/et_pb_text][et_pb_divider color=&#8221;#ffb400&#8243; divider_position=&#8221;center&#8221; divider_weight=&#8221;5px&#8221; _builder_version=&#8221;3.9&#8243; max_width=&#8221;50px&#8221;][\/et_pb_divider][\/et_pb_column_inner][\/et_pb_row_inner][et_pb_row_inner column_structure=&#8221;1_2,1_2&#8243; use_custom_gutter=&#8221;on&#8221; custom_padding_last_edited=&#8221;on|tablet&#8221; _builder_version=&#8221;4.9.4&#8243; module_alignment=&#8221;center&#8221; custom_margin=&#8221;-29px||||false|false&#8221; custom_padding=&#8221;0px|8vw|0px|8vw|true|true&#8221; custom_padding_tablet=&#8221;|40px||40px||true&#8221; custom_padding_phone=&#8221;&#8221;][et_pb_column_inner type=&#8221;1_2&#8243; saved_specialty_column_type=&#8221;2_3&#8243; _builder_version=&#8221;3.25&#8243; custom_padding=&#8221;|||&#8221; custom_padding_tablet=&#8221;|0px||&#8221; custom_padding_last_edited=&#8221;off|desktop&#8221; padding_tablet=&#8221;|0px||&#8221; padding_last_edited=&#8221;off|desktop&#8221; custom_padding__hover=&#8221;|||&#8221;][et_pb_text _builder_version=&#8221;4.9.10&#8243; text_font=&#8221;||||||||&#8221; text_font_size=&#8221;15px&#8221; text_line_height=&#8221;1.8em&#8221; custom_margin=&#8221;|-4px|||false|false&#8221; custom_padding=&#8221;|0px||||&#8221; custom_padding_tablet=&#8221;|40px||40px||true&#8221; custom_padding_last_edited=&#8221;off|desktop&#8221;]<\/p>\n<p><span>ENERGOREMONT \u015awiecie sp. z o.o. [Registered Partnership] was founded on 1991-05-15, based on \u201eEnergomonta\u017c &#8211; P\u00f3\u0142noc\u201d team working on the Cellulose &amp; Paper Works site in \u015awiecie (currently MONDI \u015awiecie S.A.).<\/span><\/p>\n<p><span>A group of experienced employees has been working since the beginning of the construction of\u00a0the \u015awiecie Cellulose and Paper Works, mainly on construction of boilers at the EC Department with associated equipment, various types of carbon steel and stainless steel vessels, pipelines, machine systems, water softening stations, evaporators, steel structures and gantries.<\/span><\/p>\n<p>[\/et_pb_text][\/et_pb_column_inner][et_pb_column_inner type=&#8221;1_2&#8243; saved_specialty_column_type=&#8221;2_3&#8243; _builder_version=&#8221;3.25&#8243; custom_padding=&#8221;|||&#8221; custom_padding__hover=&#8221;|||&#8221;][et_pb_text _builder_version=&#8221;4.9.10&#8243; text_font=&#8221;||||||||&#8221; text_font_size=&#8221;15px&#8221; text_line_height=&#8221;1.8em&#8221; custom_margin=&#8221;||41px||false|false&#8221; locked=&#8221;off&#8221;]<\/p>\n<p><span>At the moment, the company is a manufacturing, repair and installation contractor, specializing in refurbishment and installation of power equipment, manufacture and repairs of various types of vessels, installation works on industrial processing systems made of carbon steel and\u00a0stainless steel, repair and refurbishment works for the cellulose, paper and chemical industry, as well as engineering and production of steel structures.<\/span><\/p>\n<p>[\/et_pb_text][\/et_pb_column_inner][\/et_pb_row_inner][et_pb_row_inner column_structure=&#8221;1_2,1_2&#8243; padding_top_bottom_link_1=&#8221;true&#8221; padding_top_bottom_link_2=&#8221;true&#8221; _builder_version=&#8221;4.9.4&#8243; background_color=&#8221;#2a2a2a&#8221; custom_margin=&#8221;0px||0px||false|false&#8221; custom_padding=&#8221;2px||2px||true|&#8221; animation_style=&#8221;slide&#8221; animation_direction=&#8221;top&#8221; animation_intensity_slide=&#8221;10%&#8221; box_shadow_style=&#8221;preset3&#8243; box_shadow_vertical=&#8221;30px&#8221; box_shadow_blur=&#8221;65px&#8221; box_shadow_spread=&#8221;-30px&#8221; box_shadow_color=&#8221;rgba(0,0,0,0.35)&#8221;][et_pb_column_inner type=&#8221;1_2&#8243; saved_specialty_column_type=&#8221;2_3&#8243; _builder_version=&#8221;3.25&#8243; background_color=&#8221;#ffb400&#8243; custom_padding=&#8221;15px||15px|&#8221; custom_padding__hover=&#8221;|||&#8221;][et_pb_number_counter title=&#8221;YEARS OF EXPERIENCE&#8221; number=&#8221;35&#8243; percent_sign=&#8221;off&#8221; _builder_version=&#8221;4.9.10&#8243; title_font=&#8221;Rubik|700||on|||||&#8221; title_font_size=&#8221;12px&#8221; title_letter_spacing=&#8221;2px&#8221; title_line_height=&#8221;1.6em&#8221; number_font=&#8221;Rubik|700|||||||&#8221; number_text_color=&#8221;#2a2a2a&#8221; number_font_size=&#8221;42px&#8221; number_line_height=&#8221;110px&#8221; hover_enabled=&#8221;0&#8243; number_font_size_tablet=&#8221;&#8221; number_font_size_phone=&#8221;36px&#8221; number_font_size_last_edited=&#8221;on|phone&#8221; sticky_enabled=&#8221;0&#8243;][\/et_pb_number_counter][\/et_pb_column_inner][et_pb_column_inner type=&#8221;1_2&#8243; saved_specialty_column_type=&#8221;2_3&#8243; _builder_version=&#8221;3.25&#8243; background_color=&#8221;#2a2a2a&#8221; custom_padding=&#8221;15px||15px|&#8221; custom_padding__hover=&#8221;|||&#8221;][et_pb_number_counter title=&#8221;EXPERIENCED EMPLOYEES&#8221; number=&#8221;150&#8243; percent_sign=&#8221;off&#8221; _builder_version=&#8221;4.9.10&#8243; title_font=&#8221;Rubik|700||on|||||&#8221; title_font_size=&#8221;12px&#8221; title_letter_spacing=&#8221;2px&#8221; title_line_height=&#8221;1.6em&#8221; number_font=&#8221;Rubik|700|||||||&#8221; number_text_color=&#8221;#ffffff&#8221; number_font_size=&#8221;42px&#8221; number_line_height=&#8221;110px&#8221; background_layout=&#8221;dark&#8221; number_font_size_tablet=&#8221;&#8221; number_font_size_phone=&#8221;36px&#8221; number_font_size_last_edited=&#8221;on|phone&#8221; locked=&#8221;off&#8221;][\/et_pb_number_counter][\/et_pb_column_inner][\/et_pb_row_inner][\/et_pb_column][\/et_pb_section][et_pb_section fb_built=&#8221;1&#8243; admin_label=&#8221;Testimonials&#8221; _builder_version=&#8221;3.22&#8243; background_color=&#8221;#f7f7f7&#8243; custom_padding=&#8221;4px||7px|||&#8221;][et_pb_row _builder_version=&#8221;3.25&#8243; locked=&#8221;off&#8221;][et_pb_column type=&#8221;4_4&#8243; _builder_version=&#8221;3.25&#8243; custom_padding=&#8221;|||&#8221; custom_padding__hover=&#8221;|||&#8221;][et_pb_text _builder_version=&#8221;4.9.10&#8243; text_font=&#8221;||||||||&#8221; header_font=&#8221;||||||||&#8221; header_2_font=&#8221;Rubik|700|||||||&#8221; header_2_font_size=&#8221;42px&#8221; header_2_line_height=&#8221;1.2em&#8221; text_orientation=&#8221;center&#8221; module_alignment=&#8221;center&#8221; custom_margin=&#8221;||4px|||&#8221; custom_padding=&#8221;|||&#8221; header_2_font_size_tablet=&#8221;&#8221; header_2_font_size_phone=&#8221;36px&#8221; header_2_font_size_last_edited=&#8221;on|phone&#8221; locked=&#8221;off&#8221;][\/et_pb_text][et_pb_divider color=&#8221;#ffb400&#8243; divider_position=&#8221;center&#8221; divider_weight=&#8221;5px&#8221; _builder_version=&#8221;3.9&#8243; max_width=&#8221;50px&#8221; module_alignment=&#8221;center&#8221; locked=&#8221;off&#8221;][\/et_pb_divider][\/et_pb_column][\/et_pb_row][et_pb_row column_structure=&#8221;1_3,1_3,1_3&#8243; _builder_version=&#8221;4.9.10&#8243; custom_padding=&#8221;7px||0px||false|false&#8221;][et_pb_column type=&#8221;1_3&#8243; _builder_version=&#8221;3.25&#8243; custom_padding=&#8221;|||&#8221; custom_padding__hover=&#8221;|||&#8221;][et_pb_video src=&#8221;https:\/\/www.youtube.com\/watch?v=sVQyhYWDFs0&#8243; _builder_version=&#8221;4.9.10&#8243; _module_preset=&#8221;default&#8221;][\/et_pb_video][\/et_pb_column][et_pb_column type=&#8221;1_3&#8243; _builder_version=&#8221;3.25&#8243; custom_padding=&#8221;|||&#8221; custom_padding__hover=&#8221;|||&#8221;][et_pb_video src=&#8221;https:\/\/www.youtube.com\/watch?v=yBBQY03HFM8&#8243; _builder_version=&#8221;4.9.10&#8243; _module_preset=&#8221;default&#8221;][\/et_pb_video][\/et_pb_column][et_pb_column type=&#8221;1_3&#8243; _builder_version=&#8221;3.25&#8243; custom_padding=&#8221;|||&#8221; custom_padding__hover=&#8221;|||&#8221;][et_pb_video src=&#8221;https:\/\/www.youtube.com\/watch?v=4p37xvBwtT4&#8243; _builder_version=&#8221;4.9.10&#8243; _module_preset=&#8221;default&#8221;][\/et_pb_video][\/et_pb_column][\/et_pb_row][\/et_pb_section]<\/p>\n","protected":false},"excerpt":{"rendered":"<p>Your partner in projects for industry Offer PIPELINE SYSTEMS Our offer includes comprehensive execution of pipeline systems for various purposes for the paper, energy, chemical and petro-chemical branches. TANKS ENERGOREMONT also has many years of experience in the design, manufacture and assembly of both pressurised andnon-pressurised tanks. POWER EQUIPMENT Power engineering is one of our [&hellip;]<\/p>\n","protected":false},"author":1,"featured_media":0,"parent":0,"menu_order":0,"comment_status":"closed","ping_status":"closed","template":"","meta":{"_et_pb_use_builder":"on","_et_pb_old_content":"","_et_gb_content_width":""},"_links":{"self":[{"href":"https:\/\/energoremont-swiecie.pl\/index.php?rest_route=\/wp\/v2\/pages\/1094"}],"collection":[{"href":"https:\/\/energoremont-swiecie.pl\/index.php?rest_route=\/wp\/v2\/pages"}],"about":[{"href":"https:\/\/energoremont-swiecie.pl\/index.php?rest_route=\/wp\/v2\/types\/page"}],"author":[{"embeddable":true,"href":"https:\/\/energoremont-swiecie.pl\/index.php?rest_route=\/wp\/v2\/users\/1"}],"replies":[{"embeddable":true,"href":"https:\/\/energoremont-swiecie.pl\/index.php?rest_route=%2Fwp%2Fv2%2Fcomments&post=1094"}],"version-history":[{"count":16,"href":"https:\/\/energoremont-swiecie.pl\/index.php?rest_route=\/wp\/v2\/pages\/1094\/revisions"}],"predecessor-version":[{"id":1378,"href":"https:\/\/energoremont-swiecie.pl\/index.php?rest_route=\/wp\/v2\/pages\/1094\/revisions\/1378"}],"wp:attachment":[{"href":"https:\/\/energoremont-swiecie.pl\/index.php?rest_route=%2Fwp%2Fv2%2Fmedia&parent=1094"}],"curies":[{"name":"wp","href":"https:\/\/api.w.org\/{rel}","templated":true}]}}