{"id":438,"date":"2021-07-25T08:14:54","date_gmt":"2021-07-25T08:14:54","guid":{"rendered":"http:\/\/energoremont.wswieciu.pl\/?page_id=438"},"modified":"2021-09-29T18:08:28","modified_gmt":"2021-09-29T17:08:28","slug":"oferta","status":"publish","type":"page","link":"https:\/\/energoremont-swiecie.pl\/?page_id=438","title":{"rendered":"Oferta"},"content":{"rendered":"<p>[et_pb_section fb_built=&#8221;1&#8243; admin_label=&#8221;Services&#8221; _builder_version=&#8221;4.9.10&#8243; _module_preset=&#8221;default&#8221; background_color=&#8221;#f7f7f7&#8243; custom_padding=&#8221;3px|||||&#8221;][et_pb_row column_structure=&#8221;1_5,1_5,1_5,1_5,1_5&#8243; _builder_version=&#8221;4.9.10&#8243; _module_preset=&#8221;default&#8221; background_color=&#8221;#FFCC33&#8243; custom_margin=&#8221;19px||0px||false|false&#8221; custom_padding=&#8221;|15px|6px|8px|false|false&#8221;][et_pb_column type=&#8221;1_5&#8243; admin_label=&#8221;Kolumna&#8221; _builder_version=&#8221;4.9.10&#8243; _module_preset=&#8221;default&#8221; background_color=&#8221;#FFCC33&#8243;][et_pb_image src=&#8221;https:\/\/energoremont-swiecie.pl\/wp-content\/uploads\/2021\/09\/dddd.jpg&#8221; alt=&#8221;energetyka&#8221; title_text=&#8221;dddd&#8221; url=&#8221;https:\/\/energoremont-swiecie.pl\/?page_id=820&#8243; align=&#8221;center&#8221; _builder_version=&#8221;4.9.10&#8243; _module_preset=&#8221;default&#8221; custom_margin=&#8221;-12px|||20px|false|false&#8221;][\/et_pb_image][et_pb_text _builder_version=&#8221;4.9.10&#8243; _module_preset=&#8221;default&#8221; text_font=&#8221;Abhaya Libre||||||||&#8221; text_text_color=&#8221;#000000&#8243; text_font_size=&#8221;25px&#8221; text_line_height=&#8221;1em&#8221; background_color=&#8221;#FFCC33&#8243; text_orientation=&#8221;center&#8221; custom_margin=&#8221;-19px||0px|18px|false|false&#8221; custom_padding=&#8221;||0px||false|false&#8221; link_option_url=&#8221;https:\/\/energoremont-swiecie.pl\/?page_id=820&#8243;]<\/p>\n<p>Instalacje ruroci\u0105gowe<\/p>\n<p>[\/et_pb_text][\/et_pb_column][et_pb_column type=&#8221;1_5&#8243; _builder_version=&#8221;4.9.10&#8243; _module_preset=&#8221;default&#8221; background_color=&#8221;#FFCC33&#8243;][et_pb_image src=&#8221;https:\/\/energoremont-swiecie.pl\/wp-content\/uploads\/2021\/09\/aa003-5.jpg&#8221; alt=&#8221;Serwis papiernictwo&#8221; title_text=&#8221;aa003&#8243; url=&#8221;https:\/\/energoremont-swiecie.pl\/?page_id=484&#8243; align=&#8221;center&#8221; _builder_version=&#8221;4.9.10&#8243; _module_preset=&#8221;default&#8221; custom_margin=&#8221;-10px|||20px|false|false&#8221;][\/et_pb_image][et_pb_text _builder_version=&#8221;4.9.10&#8243; _module_preset=&#8221;default&#8221; text_font=&#8221;Abhaya Libre||||||||&#8221; text_text_color=&#8221;#000000&#8243; text_font_size=&#8221;25px&#8221; background_color=&#8221;#FFCC33&#8243; text_orientation=&#8221;center&#8221; custom_margin=&#8221;-19px||2px|22px|false|false&#8221; custom_padding=&#8221;||0px||false|false&#8221; link_option_url=&#8221;https:\/\/energoremont-swiecie.pl\/?page_id=484&#8243;]<\/p>\n<p style=\"text-align: center;\">Zbiorniki<\/p>\n<p>[\/et_pb_text][\/et_pb_column][et_pb_column type=&#8221;1_5&#8243; _builder_version=&#8221;4.9.10&#8243; _module_preset=&#8221;default&#8221; background_color=&#8221;#FFCC33&#8243;][et_pb_image src=&#8221;https:\/\/energoremont-swiecie.pl\/wp-content\/uploads\/2021\/09\/cccc.jpg&#8221; alt=&#8221;zbiorniki przemys\u0142owe&#8221; title_text=&#8221;bdr&#8221; url=&#8221;https:\/\/energoremont-swiecie.pl\/?page_id=466&#8243; align=&#8221;center&#8221; _builder_version=&#8221;4.9.10&#8243; _module_preset=&#8221;default&#8221; custom_margin=&#8221;-10px|13px||5px|false|false&#8221;][\/et_pb_image][et_pb_text _builder_version=&#8221;4.9.10&#8243; _module_preset=&#8221;default&#8221; text_font=&#8221;Abhaya Libre||||||||&#8221; text_text_color=&#8221;#000000&#8243; text_font_size=&#8221;25px&#8221; background_color=&#8221;#FFCC33&#8243; text_orientation=&#8221;center&#8221; custom_margin=&#8221;-19px||2px|0px|false|false&#8221; custom_padding=&#8221;||0px||false|false&#8221; link_option_url=&#8221;https:\/\/energoremont-swiecie.pl\/?page_id=466&#8243; hover_enabled=&#8221;0&#8243; sticky_enabled=&#8221;0&#8243;]<\/p>\n<p style=\"text-align: center;\"><span style=\"color: #000000;\">Remonty urz. energetycznych<\/span><\/p>\n<p>[\/et_pb_text][\/et_pb_column][et_pb_column type=&#8221;1_5&#8243; _builder_version=&#8221;4.9.10&#8243; _module_preset=&#8221;default&#8221; background_color=&#8221;#FFCC33&#8243;][et_pb_image src=&#8221;https:\/\/energoremont-swiecie.pl\/wp-content\/uploads\/2021\/09\/fffff.jpg&#8221; alt=&#8221;zbiorniki przemys\u0142owe&#8221; title_text=&#8221;fffff&#8221; url=&#8221;https:\/\/energoremont-swiecie.pl\/?page_id=903&#8243; align=&#8221;center&#8221; _builder_version=&#8221;4.9.10&#8243; _module_preset=&#8221;default&#8221; custom_margin=&#8221;-10px|13px||5px|false|false&#8221;][\/et_pb_image][et_pb_text _builder_version=&#8221;4.9.10&#8243; _module_preset=&#8221;default&#8221; text_font=&#8221;Abhaya Libre||||||||&#8221; text_text_color=&#8221;#000000&#8243; text_font_size=&#8221;25px&#8221; text_line_height=&#8221;1em&#8221; background_color=&#8221;#FFCC33&#8243; custom_margin=&#8221;-19px||2px|0px|false|false&#8221; custom_padding=&#8221;||0px||false|false&#8221; link_option_url=&#8221;https:\/\/energoremont-swiecie.pl\/?page_id=903&#8243;]<\/p>\n<p style=\"text-align: center;\"><span style=\"color: #000000;\">Remonty urz\u0105dze\u0144<\/span><\/p>\n<p>[\/et_pb_text][\/et_pb_column][et_pb_column type=&#8221;1_5&#8243; _builder_version=&#8221;4.9.10&#8243; _module_preset=&#8221;default&#8221; background_color=&#8221;#FFCC33&#8243;][et_pb_image src=&#8221;https:\/\/energoremont-swiecie.pl\/wp-content\/uploads\/2021\/07\/019.jpg&#8221; alt=&#8221;konstrukcje&#8221; title_text=&#8221;Konstrukcje stalowe&#8221; url=&#8221;https:\/\/energoremont-swiecie.pl\/?page_id=493&#8243; align=&#8221;center&#8221; _builder_version=&#8221;4.9.10&#8243; _module_preset=&#8221;default&#8221; custom_margin=&#8221;-10px|13px||5px|false|false&#8221;][\/et_pb_image][et_pb_text _builder_version=&#8221;4.9.10&#8243; _module_preset=&#8221;default&#8221; text_font=&#8221;Abhaya Libre||||||||&#8221; text_text_color=&#8221;#000000&#8243; text_font_size=&#8221;25px&#8221; text_line_height=&#8221;1em&#8221; background_color=&#8221;#FFCC33&#8243; custom_margin=&#8221;-19px||2px|0px|false|false&#8221; custom_padding=&#8221;||0px||false|false&#8221; link_option_url=&#8221;https:\/\/energoremont-swiecie.pl\/?page_id=493&#8243;]<\/p>\n<p style=\"text-align: center;\"><span style=\"color: #000000;\">Konstrukcje stalowe<\/span><\/p>\n<p>[\/et_pb_text][\/et_pb_column][\/et_pb_row][et_pb_row column_structure=&#8221;2_5,3_5&#8243; _builder_version=&#8221;4.9.10&#8243; _module_preset=&#8221;default&#8221; background_enable_image=&#8221;off&#8221;][et_pb_column type=&#8221;2_5&#8243; _builder_version=&#8221;4.9.10&#8243; _module_preset=&#8221;default&#8221; background_color=&#8221;RGBA(0,0,0,0)&#8221; background_enable_image=&#8221;off&#8221; border_width_all=&#8221;11px&#8221; border_color_all=&#8221;#FFCC33&#8243;][et_pb_image src=&#8221;https:\/\/energoremont-swiecie.pl\/wp-content\/uploads\/2021\/07\/001.jpg&#8221; alt=&#8221;konstrukcje&#8221; title_text=&#8221;Konstrukcje stalowe&#8221; show_in_lightbox=&#8221;on&#8221; _builder_version=&#8221;4.9.10&#8243; _module_preset=&#8221;default&#8221; background_color=&#8221;#FFCC33&#8243; background_image=&#8221;http:\/\/energoremont.wswieciu.pl\/wp-content\/uploads\/2021\/07\/006-1.jpg&#8221; background_size=&#8221;initial&#8221; custom_margin=&#8221;0px||0px||false|false&#8221; filter_brightness=&#8221;131%&#8221; filter_contrast=&#8221;110%&#8221;][\/et_pb_image][\/et_pb_column][et_pb_column type=&#8221;3_5&#8243; _builder_version=&#8221;4.9.10&#8243; _module_preset=&#8221;default&#8221;][et_pb_text _builder_version=&#8221;4.9.10&#8243; _module_preset=&#8221;default&#8221; background_color=&#8221;#f7f7f7&#8243;]<\/p>\n<h1><span style=\"color: #000000;\"><strong>Oferta<\/strong><\/span><\/h1>\n<h2><span style=\"color: #000000;\"><strong><br \/>Firma jest zak\u0142adem produkcyjno \u2013 remontowo \u2013 monta\u017cowym i specjalizuje si\u0119 w produkcji oraz remontach:<\/strong><\/span><\/h2>\n<ul>\n<li><span style=\"color: #000000;\">zbiornik\u00f3w r\u00f3\u017cnych typ\u00f3w (ci\u015bnieniowe, bezci\u015bnieniowe, wie\u017ce magazynowe, itp.),<\/span><\/li>\n<li><span style=\"color: #000000;\">instalacji przemys\u0142owych ze stali w\u0119glowej i kwasoodpornej, pracach remontowych i modernizacyjnych ruroci\u0105g\u00f3w,<\/span><\/li>\n<li><span style=\"color: #000000;\">kot\u0142\u00f3w parowych, wodnych, w\u0119glowych oraz przeprowadzania ich modernizacji,<\/span><\/li>\n<li><span style=\"color: #000000;\">konstrukcje stalowe r\u00f3\u017cnego typu (stale KO, w\u0119glowe, malowane, cynkowane), pocz\u0105wszy od pomost\u00f3w obs\u0142ugowych, ko\u0144cz\u0105c na wielkogabarytowych d\u017awigach portowych,<\/span><\/li>\n<li><span style=\"color: #000000;\">monta\u017ce mechaniczne, remonty oraz modernizacje urz\u0105dze\u0144 dla przemys\u0142u celulozowo &#8211; papierniczego i chemicznego,<\/span><\/li>\n<li><span style=\"color: #000000;\">projektowanie urz\u0105dze\u0144 i instalacji ci\u015bnieniowych, \u0142\u0105cznie z pe\u0142nymi odbiorami dla UDT.<\/span><\/li>\n<\/ul>\n<p>[\/et_pb_text][\/et_pb_column][\/et_pb_row][\/et_pb_section]<\/p>\n","protected":false},"excerpt":{"rendered":"<p>Instalacje ruroci\u0105gowe Zbiorniki Remonty urz. energetycznych Remonty urz\u0105dze\u0144 Konstrukcje stalowe Oferta Firma jest zak\u0142adem produkcyjno \u2013 remontowo \u2013 monta\u017cowym i specjalizuje si\u0119 w produkcji oraz remontach: zbiornik\u00f3w r\u00f3\u017cnych typ\u00f3w (ci\u015bnieniowe, bezci\u015bnieniowe, wie\u017ce magazynowe, itp.), instalacji przemys\u0142owych ze stali w\u0119glowej i kwasoodpornej, pracach remontowych i modernizacyjnych ruroci\u0105g\u00f3w, kot\u0142\u00f3w parowych, wodnych, w\u0119glowych oraz przeprowadzania ich modernizacji, konstrukcje [&hellip;]<\/p>\n","protected":false},"author":1,"featured_media":0,"parent":0,"menu_order":0,"comment_status":"closed","ping_status":"closed","template":"","meta":{"_et_pb_use_builder":"on","_et_pb_old_content":"","_et_gb_content_width":""},"_links":{"self":[{"href":"https:\/\/energoremont-swiecie.pl\/index.php?rest_route=\/wp\/v2\/pages\/438"}],"collection":[{"href":"https:\/\/energoremont-swiecie.pl\/index.php?rest_route=\/wp\/v2\/pages"}],"about":[{"href":"https:\/\/energoremont-swiecie.pl\/index.php?rest_route=\/wp\/v2\/types\/page"}],"author":[{"embeddable":true,"href":"https:\/\/energoremont-swiecie.pl\/index.php?rest_route=\/wp\/v2\/users\/1"}],"replies":[{"embeddable":true,"href":"https:\/\/energoremont-swiecie.pl\/index.php?rest_route=%2Fwp%2Fv2%2Fcomments&post=438"}],"version-history":[{"count":26,"href":"https:\/\/energoremont-swiecie.pl\/index.php?rest_route=\/wp\/v2\/pages\/438\/revisions"}],"predecessor-version":[{"id":1263,"href":"https:\/\/energoremont-swiecie.pl\/index.php?rest_route=\/wp\/v2\/pages\/438\/revisions\/1263"}],"wp:attachment":[{"href":"https:\/\/energoremont-swiecie.pl\/index.php?rest_route=%2Fwp%2Fv2%2Fmedia&parent=438"}],"curies":[{"name":"wp","href":"https:\/\/api.w.org\/{rel}","templated":true}]}}