{"id":466,"date":"2021-07-25T09:48:21","date_gmt":"2021-07-25T09:48:21","guid":{"rendered":"http:\/\/energoremont.wswieciu.pl\/?page_id=466"},"modified":"2021-09-29T21:36:27","modified_gmt":"2021-09-29T20:36:27","slug":"energetyka","status":"publish","type":"page","link":"https:\/\/energoremont-swiecie.pl\/?page_id=466","title":{"rendered":"Energetyka"},"content":{"rendered":"<p>[et_pb_section fb_built=&#8221;1&#8243; admin_label=&#8221;Services&#8221; _builder_version=&#8221;4.9.10&#8243; _module_preset=&#8221;default&#8221; background_color=&#8221;#f7f7f7&#8243; custom_padding=&#8221;3px||7px|||&#8221;][et_pb_row column_structure=&#8221;1_4,1_4,1_4,1_4&#8243; _builder_version=&#8221;4.9.10&#8243; _module_preset=&#8221;default&#8221; background_color=&#8221;#FFCC33&#8243; custom_margin=&#8221;19px||0px||false|false&#8221; custom_padding=&#8221;|22px|6px|34px|false|false&#8221;][et_pb_column type=&#8221;1_4&#8243; admin_label=&#8221;Kolumna&#8221; _builder_version=&#8221;4.9.10&#8243; _module_preset=&#8221;default&#8221; background_color=&#8221;#FFCC33&#8243; custom_padding=&#8221;|||0px|false|false&#8221;][et_pb_image src=&#8221;https:\/\/energoremont-swiecie.pl\/wp-content\/uploads\/2021\/07\/019.jpg&#8221; alt=&#8221;konstrukcje&#8221; title_text=&#8221;Konstrukcje stalowe&#8221; url=&#8221;https:\/\/energoremont-swiecie.pl\/?page_id=493&#8243; align=&#8221;center&#8221; _builder_version=&#8221;4.9.10&#8243; _module_preset=&#8221;default&#8221; max_width=&#8221;900px&#8221; max_height=&#8221;675px&#8221; custom_margin=&#8221;-10px|||-10px|false|false&#8221;][\/et_pb_image][et_pb_text _builder_version=&#8221;4.9.10&#8243; _module_preset=&#8221;default&#8221; text_font=&#8221;Abhaya Libre||||||||&#8221; text_text_color=&#8221;#000000&#8243; text_font_size=&#8221;30px&#8221; background_color=&#8221;#FFCC33&#8243; text_orientation=&#8221;center&#8221; custom_margin=&#8221;-19px||2px|-10px|false|false&#8221; custom_padding=&#8221;||0px||false|false&#8221; link_option_url=&#8221;https:\/\/energoremont-swiecie.pl\/?page_id=493&#8243;]<\/p>\n<p style=\"text-align: center;\">Konstrukcje stalowe<\/p>\n<p>[\/et_pb_text][\/et_pb_column][et_pb_column type=&#8221;1_4&#8243; _builder_version=&#8221;4.9.10&#8243; _module_preset=&#8221;default&#8221; background_color=&#8221;#FFCC33&#8243;][et_pb_image src=&#8221;https:\/\/energoremont-swiecie.pl\/wp-content\/uploads\/2021\/09\/aa003-5.jpg&#8221; alt=&#8221;Serwis papiernictwo&#8221; title_text=&#8221;aa003&#8243; url=&#8221;https:\/\/energoremont-swiecie.pl\/?page_id=484&#8243; align=&#8221;center&#8221; _builder_version=&#8221;4.9.10&#8243; _module_preset=&#8221;default&#8221; custom_margin=&#8221;-10px|||-15px|false|false&#8221;][\/et_pb_image][et_pb_text _builder_version=&#8221;4.9.10&#8243; _module_preset=&#8221;default&#8221; text_font=&#8221;Abhaya Libre||||||||&#8221; text_text_color=&#8221;#000000&#8243; text_font_size=&#8221;30px&#8221; background_color=&#8221;#FFCC33&#8243; text_orientation=&#8221;center&#8221; custom_margin=&#8221;-19px||2px|-12px|false|false&#8221; custom_padding=&#8221;||0px||false|false&#8221; link_option_url=&#8221;http:\/\/energoremont.wswieciu.pl\/?page_id=484&#8243;]<\/p>\n<p style=\"text-align: center;\">Zbiorniki<\/p>\n<p>[\/et_pb_text][\/et_pb_column][et_pb_column type=&#8221;1_4&#8243; _builder_version=&#8221;4.9.10&#8243; _module_preset=&#8221;default&#8221; background_color=&#8221;#FFCC33&#8243;][et_pb_image src=&#8221;https:\/\/energoremont-swiecie.pl\/wp-content\/uploads\/2021\/09\/dddd.jpg&#8221; alt=&#8221;zbiorniki przemys\u0142owe&#8221; title_text=&#8221;dddd&#8221; url=&#8221;https:\/\/energoremont-swiecie.pl\/?page_id=820&#8243; align=&#8221;center&#8221; _builder_version=&#8221;4.9.10&#8243; _module_preset=&#8221;default&#8221; custom_margin=&#8221;-10px|0px||-15px|false|false&#8221; hover_enabled=&#8221;0&#8243; sticky_enabled=&#8221;0&#8243;][\/et_pb_image][et_pb_text _builder_version=&#8221;4.9.10&#8243; _module_preset=&#8221;default&#8221; text_font=&#8221;Abhaya Libre||||||||&#8221; text_text_color=&#8221;#000000&#8243; text_font_size=&#8221;30px&#8221; background_color=&#8221;#FFCC33&#8243; text_orientation=&#8221;center&#8221; custom_margin=&#8221;-19px||2px|-15px|false|false&#8221; custom_padding=&#8221;||0px||false|false&#8221; link_option_url=&#8221;https:\/\/energoremont-swiecie.pl\/?page_id=820&#8243; hover_enabled=&#8221;0&#8243; sticky_enabled=&#8221;0&#8243;]<\/p>\n<p style=\"text-align: center;\"><span style=\"color: #000000;\">Instalacje ruroci\u0105gowe<\/span><\/p>\n<p>[\/et_pb_text][\/et_pb_column][et_pb_column type=&#8221;1_4&#8243; _builder_version=&#8221;4.9.10&#8243; _module_preset=&#8221;default&#8221; background_color=&#8221;#FFCC33&#8243;][et_pb_image src=&#8221;https:\/\/energoremont-swiecie.pl\/wp-content\/uploads\/2021\/09\/fffff.jpg&#8221; alt=&#8221;zbiorniki przemys\u0142owe&#8221; title_text=&#8221;fffff&#8221; url=&#8221;https:\/\/energoremont-swiecie.pl\/?page_id=903&#8243; align=&#8221;center&#8221; _builder_version=&#8221;4.9.10&#8243; _module_preset=&#8221;default&#8221; custom_margin=&#8221;-10px|0px||-15px|false|false&#8221;][\/et_pb_image][et_pb_text _builder_version=&#8221;4.9.10&#8243; _module_preset=&#8221;default&#8221; text_font=&#8221;Abhaya Libre||||||||&#8221; text_text_color=&#8221;#000000&#8243; text_font_size=&#8221;30px&#8221; background_color=&#8221;#FFCC33&#8243; custom_margin=&#8221;-19px||2px|-15px|false|false&#8221; custom_padding=&#8221;||0px||false|false&#8221; link_option_url=&#8221;https:\/\/energoremont-swiecie.pl\/?page_id=903&#8243;]<\/p>\n<p style=\"text-align: center;\"><span style=\"color: #000000;\">Remonty urz\u0105dze\u0144<\/span><\/p>\n<p>[\/et_pb_text][\/et_pb_column][\/et_pb_row][et_pb_row _builder_version=&#8221;4.9.10&#8243; _module_preset=&#8221;default&#8221; custom_margin=&#8221;|auto|-47px|auto||&#8221;][et_pb_column type=&#8221;4_4&#8243; _builder_version=&#8221;4.9.10&#8243; _module_preset=&#8221;default&#8221;][et_pb_text _builder_version=&#8221;4.9.10&#8243; _module_preset=&#8221;default&#8221; text_text_color=&#8221;#000000&#8243; border_width_bottom=&#8221;8px&#8221; border_color_bottom=&#8221;#FFCC33&#8243;]<\/p>\n<h1><strong>Budowa, modernizacje i remonty urz\u0105dze\u0144 energetycznych<\/strong><\/h1>\n<p>[\/et_pb_text][\/et_pb_column][\/et_pb_row][et_pb_row column_structure=&#8221;2_5,3_5&#8243; _builder_version=&#8221;4.9.10&#8243; _module_preset=&#8221;default&#8221; background_enable_image=&#8221;off&#8221; custom_margin=&#8221;12px|auto||auto||&#8221;][et_pb_column type=&#8221;2_5&#8243; _builder_version=&#8221;4.9.10&#8243; _module_preset=&#8221;default&#8221; background_enable_image=&#8221;off&#8221;][et_pb_image src=&#8221;https:\/\/energoremont-swiecie.pl\/wp-content\/uploads\/2021\/07\/006.jpg&#8221; alt=&#8221;energoremont&#8221; title_text=&#8221;Energoremont \u015awiecie&#8221; _builder_version=&#8221;4.9.10&#8243; _module_preset=&#8221;default&#8221; hover_enabled=&#8221;0&#8243; border_width_all=&#8221;12px&#8221; border_color_all=&#8221;#FFCC33&#8243; show_in_lightbox=&#8221;on&#8221; sticky_enabled=&#8221;0&#8243;][\/et_pb_image][et_pb_image src=&#8221;https:\/\/energoremont-swiecie.pl\/wp-content\/uploads\/2021\/07\/007.jpg&#8221; alt=&#8221;Energetyka&#8221; title_text=&#8221;Energetyka&#8221; disabled_on=&#8221;off|off|off&#8221; _builder_version=&#8221;4.9.10&#8243; _module_preset=&#8221;default&#8221; custom_margin=&#8221;-41px||||false|false&#8221; filter_saturate=&#8221;128%&#8221; hover_enabled=&#8221;0&#8243; border_width_all=&#8221;13px&#8221; border_color_all=&#8221;#FFCC33&#8243; show_in_lightbox=&#8221;on&#8221; sticky_enabled=&#8221;0&#8243;][\/et_pb_image][\/et_pb_column][et_pb_column type=&#8221;3_5&#8243; _builder_version=&#8221;4.9.10&#8243; _module_preset=&#8221;default&#8221;][et_pb_text module_id=&#8221;ulli&#8221; _builder_version=&#8221;4.9.10&#8243; _module_preset=&#8221;default&#8221; text_font=&#8221;Arial||||||||&#8221; text_text_color=&#8221;#000000&#8243; text_font_size=&#8221;16px&#8221; text_line_height=&#8221;1.6em&#8221; background_color=&#8221;#f7f7f7&#8243; custom_margin=&#8221;12px||||false|false&#8221; custom_css_before=&#8221;||&#8221;]<\/p>\n<p>Energetyka to jedna z Naszych wa\u017cniejszych ga\u0142\u0119zi przemys\u0142u, dla kt\u00f3rej \u015bwiadczymy szereg specjalistycznych us\u0142ug:<\/p>\n<ul>\n<li>wytwarzanie ci\u015bnieniowych element\u00f3w kot\u0142\u00f3w takich jak podgrzewacze wody, przegrzewacze pary, komory ekranowe,<\/li>\n<li>kompleksowy monta\u017c nowych kot\u0142\u00f3w,<\/li>\n<li>modernizacje i remonty kot\u0142\u00f3w parowych i wodnych oraz urz\u0105dze\u0144 towarzysz\u0105cych kot\u0142owni, do kt\u00f3rych nale\u017c\u0105 m.in. m\u0142yny i podajniki paliwa,podgrzewacze powietrza, wentylatory,<\/li>\n<li>wytwarzanie i monta\u017c instalacji wodno-parowych oraz innych instalacji technologicznych ze stali w\u0119glowych, stopowych i kwasoodpornych w obr\u0119bie kot\u0142owni i turbin.<\/li>\n<\/ul>\n<p>Posiadamy bogate referencje przy przebudowach i modernizacjach kot\u0142\u00f3w na terenie Polski oraz za granic\u0105 dla mi\u0119dzynarodowych producent\u00f3w urz\u0105dze\u0144 energetycznych, takich jak Valmet Oy, Andritz Oy oraz Babcock&amp;Wilcox.<\/p>\n<p>[\/et_pb_text][\/et_pb_column][\/et_pb_row][\/et_pb_section]<\/p>\n","protected":false},"excerpt":{"rendered":"<p>Konstrukcje stalowe Zbiorniki Instalacje ruroci\u0105gowe Remonty urz\u0105dze\u0144 Budowa, modernizacje i remonty urz\u0105dze\u0144 energetycznych Energetyka to jedna z Naszych wa\u017cniejszych ga\u0142\u0119zi przemys\u0142u, dla kt\u00f3rej \u015bwiadczymy szereg specjalistycznych us\u0142ug: wytwarzanie ci\u015bnieniowych element\u00f3w kot\u0142\u00f3w takich jak podgrzewacze wody, przegrzewacze pary, komory ekranowe, kompleksowy monta\u017c nowych kot\u0142\u00f3w, modernizacje i remonty kot\u0142\u00f3w parowych i wodnych oraz urz\u0105dze\u0144 towarzysz\u0105cych kot\u0142owni, do [&hellip;]<\/p>\n","protected":false},"author":1,"featured_media":0,"parent":0,"menu_order":0,"comment_status":"closed","ping_status":"closed","template":"","meta":{"_et_pb_use_builder":"on","_et_pb_old_content":"","_et_gb_content_width":""},"_links":{"self":[{"href":"https:\/\/energoremont-swiecie.pl\/index.php?rest_route=\/wp\/v2\/pages\/466"}],"collection":[{"href":"https:\/\/energoremont-swiecie.pl\/index.php?rest_route=\/wp\/v2\/pages"}],"about":[{"href":"https:\/\/energoremont-swiecie.pl\/index.php?rest_route=\/wp\/v2\/types\/page"}],"author":[{"embeddable":true,"href":"https:\/\/energoremont-swiecie.pl\/index.php?rest_route=\/wp\/v2\/users\/1"}],"replies":[{"embeddable":true,"href":"https:\/\/energoremont-swiecie.pl\/index.php?rest_route=%2Fwp%2Fv2%2Fcomments&post=466"}],"version-history":[{"count":31,"href":"https:\/\/energoremont-swiecie.pl\/index.php?rest_route=\/wp\/v2\/pages\/466\/revisions"}],"predecessor-version":[{"id":1269,"href":"https:\/\/energoremont-swiecie.pl\/index.php?rest_route=\/wp\/v2\/pages\/466\/revisions\/1269"}],"wp:attachment":[{"href":"https:\/\/energoremont-swiecie.pl\/index.php?rest_route=%2Fwp%2Fv2%2Fmedia&parent=466"}],"curies":[{"name":"wp","href":"https:\/\/api.w.org\/{rel}","templated":true}]}}