{"id":484,"date":"2021-07-25T11:06:13","date_gmt":"2021-07-25T11:06:13","guid":{"rendered":"http:\/\/energoremont.wswieciu.pl\/?page_id=484"},"modified":"2021-09-29T21:29:45","modified_gmt":"2021-09-29T20:29:45","slug":"zbiorniki-2","status":"publish","type":"page","link":"https:\/\/energoremont-swiecie.pl\/?page_id=484","title":{"rendered":"Zbiorniki"},"content":{"rendered":"<p>[et_pb_section fb_built=&#8221;1&#8243; admin_label=&#8221;Services&#8221; _builder_version=&#8221;4.9.10&#8243; _module_preset=&#8221;default&#8221; background_color=&#8221;#f7f7f7&#8243; custom_padding=&#8221;3px|||||&#8221; hover_enabled=&#8221;0&#8243; sticky_enabled=&#8221;0&#8243;][et_pb_row column_structure=&#8221;1_4,1_4,1_4,1_4&#8243; _builder_version=&#8221;4.9.10&#8243; _module_preset=&#8221;default&#8221; background_color=&#8221;#FFCC33&#8243; custom_margin=&#8221;19px||0px||false|false&#8221; custom_padding=&#8221;|22px|6px|34px|false|false&#8221;][et_pb_column type=&#8221;1_4&#8243; admin_label=&#8221;Kolumna&#8221; _builder_version=&#8221;4.9.10&#8243; _module_preset=&#8221;default&#8221; background_color=&#8221;#FFCC33&#8243; custom_padding=&#8221;|||0px|false|false&#8221;][et_pb_image src=&#8221;https:\/\/energoremont-swiecie.pl\/wp-content\/uploads\/2021\/07\/019.jpg&#8221; alt=&#8221;konstrukcje&#8221; title_text=&#8221;Konstrukcje stalowe&#8221; url=&#8221;https:\/\/energoremont-swiecie.pl\/?page_id=493&#8243; align=&#8221;center&#8221; _builder_version=&#8221;4.9.10&#8243; _module_preset=&#8221;default&#8221; max_width=&#8221;900px&#8221; max_height=&#8221;675px&#8221; custom_margin=&#8221;-10px|||-10px|false|false&#8221;][\/et_pb_image][et_pb_text _builder_version=&#8221;4.9.10&#8243; _module_preset=&#8221;default&#8221; text_font=&#8221;Abhaya Libre||||||||&#8221; text_text_color=&#8221;#000000&#8243; text_font_size=&#8221;30px&#8221; background_color=&#8221;#FFCC33&#8243; text_orientation=&#8221;center&#8221; custom_margin=&#8221;-19px||2px|-10px|false|false&#8221; custom_padding=&#8221;||0px||false|false&#8221; link_option_url=&#8221;https:\/\/energoremont-swiecie.pl\/?page_id=493&#8243;]<\/p>\n<p style=\"text-align: center;\">Konstrukcje stalowe<\/p>\n<p>[\/et_pb_text][\/et_pb_column][et_pb_column type=&#8221;1_4&#8243; _builder_version=&#8221;4.9.10&#8243; _module_preset=&#8221;default&#8221; background_color=&#8221;#FFCC33&#8243;][et_pb_image src=&#8221;https:\/\/energoremont-swiecie.pl\/wp-content\/uploads\/2021\/09\/dddd.jpg&#8221; alt=&#8221;Serwis papiernictwo&#8221; title_text=&#8221;dddd&#8221; url=&#8221;https:\/\/energoremont-swiecie.pl\/?page_id=820&#8243; align=&#8221;center&#8221; _builder_version=&#8221;4.9.10&#8243; _module_preset=&#8221;default&#8221; custom_margin=&#8221;-10px|||-15px|false|false&#8221; hover_enabled=&#8221;0&#8243; sticky_enabled=&#8221;0&#8243;][\/et_pb_image][et_pb_text _builder_version=&#8221;4.9.10&#8243; _module_preset=&#8221;default&#8221; text_font=&#8221;Abhaya Libre||||||||&#8221; text_text_color=&#8221;#000000&#8243; text_font_size=&#8221;30px&#8221; background_color=&#8221;#FFCC33&#8243; text_orientation=&#8221;center&#8221; custom_margin=&#8221;-19px||2px|-12px|false|false&#8221; custom_padding=&#8221;||0px||false|false&#8221; link_option_url=&#8221;https:\/\/energoremont- swiecie.pl\/?page_id=820&#8243; hover_enabled=&#8221;0&#8243; sticky_enabled=&#8221;0&#8243;]<\/p>\n<p style=\"text-align: center;\">Instalacje ruroci\u0105gowe<\/p>\n<p>[\/et_pb_text][\/et_pb_column][et_pb_column type=&#8221;1_4&#8243; _builder_version=&#8221;4.9.10&#8243; _module_preset=&#8221;default&#8221; background_color=&#8221;#FFCC33&#8243;][et_pb_image src=&#8221;https:\/\/energoremont-swiecie.pl\/wp-content\/uploads\/2021\/09\/cccc.jpg&#8221; alt=&#8221;zbiorniki przemys\u0142owe&#8221; title_text=&#8221;bdr&#8221; url=&#8221;https:\/\/energoremont-swiecie.pl\/?page_id=466&#8243; align=&#8221;center&#8221; _builder_version=&#8221;4.9.10&#8243; _module_preset=&#8221;default&#8221; custom_margin=&#8221;-10px|0px||-15px|false|false&#8221;][\/et_pb_image][et_pb_text _builder_version=&#8221;4.9.10&#8243; _module_preset=&#8221;default&#8221; text_font=&#8221;Abhaya Libre||||||||&#8221; text_text_color=&#8221;#000000&#8243; text_font_size=&#8221;30px&#8221; background_color=&#8221;#FFCC33&#8243; text_orientation=&#8221;center&#8221; custom_margin=&#8221;-19px||2px|-15px|false|false&#8221; custom_padding=&#8221;||0px||false|false&#8221; link_option_url=&#8221;https:\/\/energoremont-swiecie.pl\/?page_id=466&#8243;]<\/p>\n<p style=\"text-align: center;\"><span style=\"color: #000000;\">Remonty urz. energetycznych<\/span><\/p>\n<p>[\/et_pb_text][\/et_pb_column][et_pb_column type=&#8221;1_4&#8243; _builder_version=&#8221;4.9.10&#8243; _module_preset=&#8221;default&#8221; background_color=&#8221;#FFCC33&#8243;][et_pb_image src=&#8221;https:\/\/energoremont-swiecie.pl\/wp-content\/uploads\/2021\/09\/fffff.jpg&#8221; alt=&#8221;zbiorniki przemys\u0142owe&#8221; title_text=&#8221;fffff&#8221; url=&#8221;https:\/\/energoremont-swiecie.pl\/?page_id=903&#8243; align=&#8221;center&#8221; _builder_version=&#8221;4.9.10&#8243; _module_preset=&#8221;default&#8221; custom_margin=&#8221;-10px|0px||-15px|false|false&#8221;][\/et_pb_image][et_pb_text _builder_version=&#8221;4.9.10&#8243; _module_preset=&#8221;default&#8221; text_font=&#8221;Abhaya Libre||||||||&#8221; text_text_color=&#8221;#000000&#8243; text_font_size=&#8221;30px&#8221; background_color=&#8221;#FFCC33&#8243; custom_margin=&#8221;-19px||2px|-15px|false|false&#8221; custom_padding=&#8221;||0px||false|false&#8221; link_option_url=&#8221;https:\/\/energoremont-swiecie.pl\/?page_id=903&#8243;]<\/p>\n<p style=\"text-align: center;\"><span style=\"color: #000000;\">Remonty urz\u0105dze\u0144<\/span><\/p>\n<p>[\/et_pb_text][\/et_pb_column][\/et_pb_row][et_pb_row _builder_version=&#8221;4.9.10&#8243; _module_preset=&#8221;default&#8221; custom_margin=&#8221;|auto|-27px|auto||&#8221;][et_pb_column type=&#8221;4_4&#8243; _builder_version=&#8221;4.9.10&#8243; _module_preset=&#8221;default&#8221;][et_pb_text _builder_version=&#8221;4.9.10&#8243; _module_preset=&#8221;default&#8221; border_width_bottom=&#8221;8px&#8221; border_color_bottom=&#8221;#FFCC33&#8243;]<\/p>\n<h1><strong>Produkcja zbiornik\u00f3w<\/strong><\/h1>\n<p>[\/et_pb_text][\/et_pb_column][\/et_pb_row][et_pb_row column_structure=&#8221;2_5,3_5&#8243; _builder_version=&#8221;4.9.10&#8243; _module_preset=&#8221;default&#8221; background_enable_image=&#8221;off&#8221;][et_pb_column type=&#8221;2_5&#8243; _builder_version=&#8221;4.9.10&#8243; _module_preset=&#8221;default&#8221; background_enable_image=&#8221;off&#8221;][et_pb_image src=&#8221;https:\/\/energoremont-swiecie.pl\/wp-content\/uploads\/2021\/07\/020.jpg&#8221; alt=&#8221;zbiorniki&#8221; title_text=&#8221;zbiorniki&#8221; _builder_version=&#8221;4.9.10&#8243; _module_preset=&#8221;default&#8221; background_color=&#8221;RGBA(0,0,0,0)&#8221; custom_margin=&#8221;||-10px||false|false&#8221; filter_saturate=&#8221;128%&#8221; hover_enabled=&#8221;0&#8243; border_width_all=&#8221;12px&#8221; border_color_all=&#8221;#FFCC33&#8243; show_in_lightbox=&#8221;on&#8221; sticky_enabled=&#8221;0&#8243;][\/et_pb_image][et_pb_image src=&#8221;https:\/\/energoremont-swiecie.pl\/wp-content\/uploads\/2021\/07\/023-2.jpg&#8221; alt=&#8221;zbiorniki&#8221; title_text=&#8221;zbiorniki&#8221; _builder_version=&#8221;4.9.10&#8243; _module_preset=&#8221;default&#8221; background_color=&#8221;RGBA(0,0,0,0)&#8221; custom_margin=&#8221;0px||||false|false&#8221; custom_padding=&#8221;0px||||false|false&#8221; filter_saturate=&#8221;128%&#8221; hover_enabled=&#8221;0&#8243; border_width_all=&#8221;12px&#8221; border_color_all=&#8221;#FFCC33&#8243; show_in_lightbox=&#8221;on&#8221; sticky_enabled=&#8221;0&#8243;][\/et_pb_image][\/et_pb_column][et_pb_column type=&#8221;3_5&#8243; _builder_version=&#8221;4.9.10&#8243; _module_preset=&#8221;default&#8221;][et_pb_text module_id=&#8221;ulli&#8221; _builder_version=&#8221;4.9.10&#8243; _module_preset=&#8221;default&#8221; text_font=&#8221;Arial||||||||&#8221; text_text_color=&#8221;#000000&#8243; text_font_size=&#8221;16px&#8221; text_line_height=&#8221;1.6em&#8221; background_color=&#8221;#f7f7f7&#8243; custom_margin=&#8221;13px||||false|false&#8221; custom_css_before=&#8221;||&#8221;]<\/p>\n<p>Firma ENERGOREMONT posiada r\u00f3wnie\u017c d\u0142ugoletnie do\u015bwiadczenie w projektowaniu, produkcji i monta\u017cach zbiornik\u00f3w zar\u00f3wno ci\u015bnieniowych jak i bezci\u015bnieniowych, ze stali w\u0119glowej i kwasoodpornej. W ofercie posiadamy r\u00f3wnie\u017c mo\u017cliwo\u015b\u0107 izolacji zbiornik\u00f3w.<\/p>\n<p>Do realizacji prefabrykacji zbiornik\u00f3w wykorzystujemy w\u0142asny, nowoczesny park maszynowy i nowoczesne hale produkcyjne. Zastosowanie najnowszych technologii w procesie produkcyjnym gwarantuje wysok\u0105 jako\u015b\u0107 wykonanych przez Nas wyrob\u00f3w. Zakres prac mo\u017ce obejmowa\u0107 zaprojektowanie zbiornika od podstaw pod indywidualne potrzeby klienta, jak r\u00f3wnie\u017c wykonawstwo wed\u0142ug dostarczonej dokumentacji technicznej. Prefabrykujemy i montujemy m.in. nast\u0119puj\u0105ce typy zbiornik\u00f3w:<\/p>\n<ul>\n<li>zbiorniki procesowe r\u00f3\u017cnego przeznaczenia ze stali w\u0119glowej i kwasoodpornej,<\/li>\n<li>wie\u017ce magazynowe,<\/li>\n<li>zbiorniki platerowane od \u015brodka,<\/li>\n<li>zbiorniki ci\u015bnieniowe, w tym reaktory ze stali DUPLEX,<\/li>\n<li>zbiorniki z p\u0142aszczem wodnym lub inn\u0105 instalacj\u0105 grzewcz\u0105.<\/li>\n<li><\/li>\n<\/ul>\n<p>Zbiorniki wykonywane w Naszej firmie powstaj\u0105 w oparciu o odpowiednie przepisy i normy, do kt\u00f3rych nale\u017c\u0105:<\/p>\n<ul>\n<li>europejskie normy EN 13445<\/li>\n<li>Dyrektywa Ci\u015bnieniowa PED 2014\/68\/EU,<\/li>\n<li>przepisy polskiego Urz\u0119du Dozoru Technicznego (UDT) lub innej wskazanej przez Inwestora jednostki notyfikowanej.<\/li>\n<\/ul>\n<p>[\/et_pb_text][\/et_pb_column][\/et_pb_row][\/et_pb_section]<\/p>\n","protected":false},"excerpt":{"rendered":"<p>Konstrukcje stalowe Instalacje ruroci\u0105gowe Remonty urz. energetycznych Remonty urz\u0105dze\u0144 Produkcja zbiornik\u00f3w Firma ENERGOREMONT posiada r\u00f3wnie\u017c d\u0142ugoletnie do\u015bwiadczenie w projektowaniu, produkcji i monta\u017cach zbiornik\u00f3w zar\u00f3wno ci\u015bnieniowych jak i bezci\u015bnieniowych, ze stali w\u0119glowej i kwasoodpornej. W ofercie posiadamy r\u00f3wnie\u017c mo\u017cliwo\u015b\u0107 izolacji zbiornik\u00f3w. Do realizacji prefabrykacji zbiornik\u00f3w wykorzystujemy w\u0142asny, nowoczesny park maszynowy i nowoczesne hale produkcyjne. Zastosowanie najnowszych [&hellip;]<\/p>\n","protected":false},"author":1,"featured_media":0,"parent":0,"menu_order":0,"comment_status":"closed","ping_status":"closed","template":"","meta":{"_et_pb_use_builder":"on","_et_pb_old_content":"","_et_gb_content_width":""},"_links":{"self":[{"href":"https:\/\/energoremont-swiecie.pl\/index.php?rest_route=\/wp\/v2\/pages\/484"}],"collection":[{"href":"https:\/\/energoremont-swiecie.pl\/index.php?rest_route=\/wp\/v2\/pages"}],"about":[{"href":"https:\/\/energoremont-swiecie.pl\/index.php?rest_route=\/wp\/v2\/types\/page"}],"author":[{"embeddable":true,"href":"https:\/\/energoremont-swiecie.pl\/index.php?rest_route=\/wp\/v2\/users\/1"}],"replies":[{"embeddable":true,"href":"https:\/\/energoremont-swiecie.pl\/index.php?rest_route=%2Fwp%2Fv2%2Fcomments&post=484"}],"version-history":[{"count":17,"href":"https:\/\/energoremont-swiecie.pl\/index.php?rest_route=\/wp\/v2\/pages\/484\/revisions"}],"predecessor-version":[{"id":1268,"href":"https:\/\/energoremont-swiecie.pl\/index.php?rest_route=\/wp\/v2\/pages\/484\/revisions\/1268"}],"wp:attachment":[{"href":"https:\/\/energoremont-swiecie.pl\/index.php?rest_route=%2Fwp%2Fv2%2Fmedia&parent=484"}],"curies":[{"name":"wp","href":"https:\/\/api.w.org\/{rel}","templated":true}]}}