{"id":499,"date":"2021-07-25T12:21:53","date_gmt":"2021-07-25T12:21:53","guid":{"rendered":"http:\/\/energoremont.wswieciu.pl\/?page_id=499"},"modified":"2021-09-29T21:46:52","modified_gmt":"2021-09-29T20:46:52","slug":"cert","status":"publish","type":"page","link":"https:\/\/energoremont-swiecie.pl\/?page_id=499","title":{"rendered":"cert"},"content":{"rendered":"<p>[et_pb_section fb_built=&#8221;1&#8243; admin_label=&#8221;Hero&#8221; _builder_version=&#8221;4.9.10&#8243; background_color=&#8221;RGBA(0,0,0,0)&#8221; use_background_color_gradient=&#8221;on&#8221; background_color_gradient_start=&#8221;rgba(0,0,0,0)&#8221; background_color_gradient_end=&#8221;rgba(40,40,40,0.86)&#8221; background_color_gradient_type=&#8221;radial&#8221; background_color_gradient_direction_radial=&#8221;bottom right&#8221; background_color_gradient_overlays_image=&#8221;on&#8221; background_image=&#8221;https:\/\/energoremont-swiecie.pl\/wp-content\/uploads\/2021\/07\/008-1.jpg&#8221; background_position=&#8221;center_left&#8221; custom_margin=&#8221;||||false&#8221; custom_padding=&#8221;6vw||6vw||true|false&#8221; hover_enabled=&#8221;0&#8243; title_text=&#8221;008&#8243; sticky_enabled=&#8221;0&#8243;][et_pb_row _builder_version=&#8221;3.25&#8243;][et_pb_column type=&#8221;4_4&#8243; _builder_version=&#8221;3.25&#8243; custom_padding=&#8221;|||&#8221; custom_padding__hover=&#8221;|||&#8221;][et_pb_text _builder_version=&#8221;4.9.10&#8243; text_font=&#8221;||||||||&#8221; header_font=&#8221;Rubik|700|||||||&#8221; header_font_size=&#8221;64px&#8221; header_line_height=&#8221;1.1em&#8221; background_layout=&#8221;dark&#8221; max_width=&#8221;800px&#8221; custom_margin=&#8221;||0px|&#8221; custom_padding=&#8221;|||16px&#8221; text_font_size_tablet=&#8221;14px&#8221; text_font_size_last_edited=&#8221;off|desktop&#8221; header_font_size_tablet=&#8221;44px&#8221; header_font_size_phone=&#8221;32px&#8221; header_font_size_last_edited=&#8221;on|phone&#8221; border_color_all=&#8221;#ffb400&#8243; border_width_left=&#8221;10px&#8221;]<\/p>\n<h1>Certyfikaty<\/h1>\n<p>[\/et_pb_text][\/et_pb_column][\/et_pb_row][\/et_pb_section][et_pb_section fb_built=&#8221;1&#8243; _builder_version=&#8221;4.9.10&#8243; _module_preset=&#8221;default&#8221; background_color=&#8221;#f7f7f7&#8243;][et_pb_row column_structure=&#8221;1_2,1_2&#8243; _builder_version=&#8221;4.9.10&#8243; _module_preset=&#8221;default&#8221;][et_pb_column type=&#8221;1_2&#8243; _builder_version=&#8221;4.9.10&#8243; _module_preset=&#8221;default&#8221;][et_pb_text _builder_version=&#8221;4.9.10&#8243; _module_preset=&#8221;default&#8221; text_text_color=&#8221;#000000&#8243; text_font_size=&#8221;16px&#8221; text_line_height=&#8221;1.6em&#8221;]<\/p>\n<p>Nasza firma posiada szeroki wachlarz uprawnie\u0144 nadanych przez Urz\u0105d Dozoru Technicznego (UDT) z sektora produkcji przemys\u0142owej na:<\/p>\n<ul>\n<li>wytwarzania zbiornik\u00f3w bezci\u015bnieniowych i ci\u015bnieniowych dla materia\u0142\u00f3w truj\u0105cych, \u017cr\u0105cych oraz ciek\u0142ych i zapalnych<\/li>\n<li>napraw oraz modernizacji kot\u0142\u00f3w parowych<\/li>\n<li>wytwarzania ruroci\u0105g\u00f3w pary i technologicznych<\/li>\n<li>wytwarzania urz\u0105dze\u0144 ci\u015bnieniowych i bezci\u015bnieniowych<\/li>\n<\/ul>\n<p>[\/et_pb_text][\/et_pb_column][et_pb_column type=&#8221;1_2&#8243; _builder_version=&#8221;4.9.10&#8243; _module_preset=&#8221;default&#8221;][et_pb_text _builder_version=&#8221;4.9.10&#8243; _module_preset=&#8221;default&#8221; text_text_color=&#8221;#000000&#8243; text_font_size=&#8221;16px&#8221; text_line_height=&#8221;1.6em&#8221;]<\/p>\n<p>Dysponujemy r\u00f3wnie\u017c uprawnieniami na:<\/p>\n<ul>\n<li>procesy spawalnicze oraz nadz\u00f3r nad nimi wykonywane s\u0105 zgodnie z AD 2000 MERKBLATT HP 0, DIN EN ISO 3834-2<\/li>\n<li>dla konstrukcji stalowych wykonanych ze stali do klasy EXC3 oraz procesu spawania element\u00f3w konstrukcyjnych ze stali wg normy EN 1090-2<\/li>\n<\/ul>\n<p>Ponadto firma dysponuje certyfikatem SCC**2017\/60\/ ISO45001 systemu<br \/>bezpiecze\u0144stwa i higieny pracy.<\/p>\n<p>[\/et_pb_text][\/et_pb_column][\/et_pb_row][et_pb_row _builder_version=&#8221;4.9.10&#8243; _module_preset=&#8221;default&#8221;][et_pb_column type=&#8221;4_4&#8243; _builder_version=&#8221;4.9.10&#8243; _module_preset=&#8221;default&#8221;][modula_gallery gallery_select=&#8221;516&#8243; _builder_version=&#8221;4.9.10&#8243; _module_preset=&#8221;default&#8221;][\/modula_gallery][\/et_pb_column][\/et_pb_row][\/et_pb_section]<\/p>\n","protected":false},"excerpt":{"rendered":"<p>Certyfikaty Nasza firma posiada szeroki wachlarz uprawnie\u0144 nadanych przez Urz\u0105d Dozoru Technicznego (UDT) z sektora produkcji przemys\u0142owej na: wytwarzania zbiornik\u00f3w bezci\u015bnieniowych i ci\u015bnieniowych dla materia\u0142\u00f3w truj\u0105cych, \u017cr\u0105cych oraz ciek\u0142ych i zapalnych napraw oraz modernizacji kot\u0142\u00f3w parowych wytwarzania ruroci\u0105g\u00f3w pary i technologicznych wytwarzania urz\u0105dze\u0144 ci\u015bnieniowych i bezci\u015bnieniowych Dysponujemy r\u00f3wnie\u017c uprawnieniami na: procesy spawalnicze oraz nadz\u00f3r nad [&hellip;]<\/p>\n","protected":false},"author":1,"featured_media":0,"parent":0,"menu_order":0,"comment_status":"closed","ping_status":"closed","template":"","meta":{"_et_pb_use_builder":"on","_et_pb_old_content":"","_et_gb_content_width":""},"_links":{"self":[{"href":"https:\/\/energoremont-swiecie.pl\/index.php?rest_route=\/wp\/v2\/pages\/499"}],"collection":[{"href":"https:\/\/energoremont-swiecie.pl\/index.php?rest_route=\/wp\/v2\/pages"}],"about":[{"href":"https:\/\/energoremont-swiecie.pl\/index.php?rest_route=\/wp\/v2\/types\/page"}],"author":[{"embeddable":true,"href":"https:\/\/energoremont-swiecie.pl\/index.php?rest_route=\/wp\/v2\/users\/1"}],"replies":[{"embeddable":true,"href":"https:\/\/energoremont-swiecie.pl\/index.php?rest_route=%2Fwp%2Fv2%2Fcomments&post=499"}],"version-history":[{"count":11,"href":"https:\/\/energoremont-swiecie.pl\/index.php?rest_route=\/wp\/v2\/pages\/499\/revisions"}],"predecessor-version":[{"id":1274,"href":"https:\/\/energoremont-swiecie.pl\/index.php?rest_route=\/wp\/v2\/pages\/499\/revisions\/1274"}],"wp:attachment":[{"href":"https:\/\/energoremont-swiecie.pl\/index.php?rest_route=%2Fwp%2Fv2%2Fmedia&parent=499"}],"curies":[{"name":"wp","href":"https:\/\/api.w.org\/{rel}","templated":true}]}}