{"id":527,"date":"2021-07-27T18:32:46","date_gmt":"2021-07-27T18:32:46","guid":{"rendered":"http:\/\/energoremont.wswieciu.pl\/?page_id=527"},"modified":"2026-04-15T11:16:13","modified_gmt":"2026-04-15T10:16:13","slug":"kontakt","status":"publish","type":"page","link":"https:\/\/energoremont-swiecie.pl\/?page_id=527","title":{"rendered":"Kontakt"},"content":{"rendered":"<p>[et_pb_section fb_built=&#8221;1&#8243; admin_label=&#8221;Hero&#8221; _builder_version=&#8221;4.9.10&#8243; use_background_color_gradient=&#8221;on&#8221; background_color_gradient_start=&#8221;rgba(40,40,40,0.79)&#8221; background_color_gradient_end=&#8221;rgba(40,40,40,0.86)&#8221; background_color_gradient_type=&#8221;radial&#8221; background_color_gradient_direction_radial=&#8221;top left&#8221; background_color_gradient_overlays_image=&#8221;on&#8221; background_image=&#8221;https:\/\/energoremont-swiecie.pl\/wp-content\/uploads\/2021\/07\/construction-20.jpg&#8221; custom_padding=&#8221;0px||0px||true|false&#8221;][et_pb_row column_structure=&#8221;2_3,1_3&#8243; use_custom_gutter=&#8221;on&#8221; make_equal=&#8221;on&#8221; padding_top_bottom_link_1=&#8221;true&#8221; padding_top_bottom_link_2=&#8221;true&#8221; padding_left_right_link_1=&#8221;true&#8221; padding_left_right_link_2=&#8221;true&#8221; _builder_version=&#8221;4.9.10&#8243; width=&#8221;100%&#8221; max_width=&#8221;100%&#8221; custom_margin=&#8221;|auto|-50px|auto||&#8221; custom_padding=&#8221;0px||0px||true|&#8221; use_custom_width=&#8221;on&#8221; width_unit=&#8221;off&#8221; custom_width_percent=&#8221;100%&#8221;][et_pb_column type=&#8221;2_3&#8243; _builder_version=&#8221;3.25&#8243; custom_padding=&#8221;10vw|6vw|10vw|6vw&#8221; custom_padding_tablet=&#8221;10vw|10%|10vw|10%|true|true&#8221; custom_padding_phone=&#8221;&#8221; custom_padding_last_edited=&#8221;on|desktop&#8221; padding_tablet=&#8221;10vw|10%|10vw|10%|true|true&#8221; padding_last_edited=&#8221;on|desktop&#8221; custom_padding__hover=&#8221;|||&#8221;][et_pb_text _builder_version=&#8221;4.9.10&#8243; text_font=&#8221;||||||||&#8221; header_font=&#8221;Rubik|700|||||||&#8221; header_font_size=&#8221;64px&#8221; header_line_height=&#8221;1.1em&#8221; background_layout=&#8221;dark&#8221; max_width=&#8221;800px&#8221; custom_margin=&#8221;||0px|&#8221; custom_padding=&#8221;|||16px&#8221; text_font_size_tablet=&#8221;14px&#8221; text_font_size_last_edited=&#8221;off|desktop&#8221; header_font_size_tablet=&#8221;44px&#8221; header_font_size_phone=&#8221;32px&#8221; header_font_size_last_edited=&#8221;on|phone&#8221; border_color_all=&#8221;#ffb400&#8243; border_width_left=&#8221;10px&#8221;]<\/p>\n<h1>Bad\u017cmy w kontakcie<\/h1>\n<p>[\/et_pb_text][\/et_pb_column][et_pb_column type=&#8221;1_3&#8243; _builder_version=&#8221;4.9.10&#8243; background_color=&#8221;#FFCC33&#8243; custom_padding=&#8221;80px|40px|80px|40px&#8221; custom_padding_tablet=&#8221;|10%||10%||true&#8221; custom_padding_phone=&#8221;&#8221; custom_padding_last_edited=&#8221;on|desktop&#8221; padding_tablet=&#8221;|10%||10%||true&#8221; padding_last_edited=&#8221;on|desktop&#8221; custom_padding__hover=&#8221;|||&#8221;][et_pb_blurb title=&#8221;Biuro&#8221; use_icon=&#8221;on&#8221; font_icon=&#8221;%%122%%&#8221; icon_color=&#8221;#ffffff&#8221; icon_placement=&#8221;left&#8221; content_max_width=&#8221;1100px&#8221; use_icon_font_size=&#8221;on&#8221; icon_font_size=&#8221;56px&#8221; content_max_width_tablet=&#8221;1100px&#8221; content_max_width_last_edited=&#8221;off|desktop&#8221; _builder_version=&#8221;4.9.10&#8243; header_font=&#8221;Rubik|700|||||||&#8221; header_text_color=&#8221;#2a2a2a&#8221; header_line_height=&#8221;1.4em&#8221; body_font=&#8221;||||||||&#8221; body_font_size=&#8221;15px&#8221; background_layout=&#8221;dark&#8221; custom_margin=&#8221;|||&#8221; custom_padding=&#8221;|||&#8221; animation_style=&#8221;slide&#8221; animation_direction=&#8221;right&#8221; animation_intensity_slide=&#8221;10%&#8221; animation=&#8221;off&#8221;]<\/p>\n<p>Bydgoska 1, 86-105 \u015awiecie<\/p>\n<p>[\/et_pb_blurb][et_pb_blurb title=&#8221;Godziny pracy&#8221; use_icon=&#8221;on&#8221; font_icon=&#8221;%%92%%&#8221; icon_color=&#8221;#ffffff&#8221; icon_placement=&#8221;left&#8221; content_max_width=&#8221;1100px&#8221; use_icon_font_size=&#8221;on&#8221; icon_font_size=&#8221;56px&#8221; content_max_width_tablet=&#8221;1100px&#8221; content_max_width_last_edited=&#8221;off|desktop&#8221; _builder_version=&#8221;4.9.10&#8243; header_font=&#8221;Rubik|700|||||||&#8221; header_text_color=&#8221;#2a2a2a&#8221; header_line_height=&#8221;1.4em&#8221; body_font=&#8221;||||||||&#8221; body_font_size=&#8221;15px&#8221; background_layout=&#8221;dark&#8221; custom_margin=&#8221;|||&#8221; custom_padding=&#8221;|||&#8221; animation_style=&#8221;slide&#8221; animation_direction=&#8221;right&#8221; animation_intensity_slide=&#8221;10%&#8221; animation=&#8221;off&#8221;]<\/p>\n<p>Pon.-Pt: 7:00-15:00<\/p>\n<p>[\/et_pb_blurb][\/et_pb_column][\/et_pb_row][\/et_pb_section][et_pb_section fb_built=&#8221;1&#8243; admin_label=&#8221; Call Us&#8221; _builder_version=&#8221;4.9.10&#8243; background_color=&#8221;#FFFFFF&#8221; custom_padding=&#8221;20px|0px|20px|0px|true|false&#8221; animation_style=&#8221;slide&#8221; animation_direction=&#8221;top&#8221; animation_intensity_slide=&#8221;10%&#8221; box_shadow_style=&#8221;preset3&#8243; box_shadow_vertical=&#8221;10px&#8221; box_shadow_blur=&#8221;105px&#8221; box_shadow_spread=&#8221;0px&#8221; box_shadow_color=&#8221;rgba(0,0,0,0.12)&#8221;][et_pb_row _builder_version=&#8221;4.9.10&#8243; background_color=&#8221;#ffffff&#8221; custom_margin=&#8221;|||&#8221;][et_pb_column type=&#8221;4_4&#8243; _builder_version=&#8221;4.9.10&#8243; custom_padding=&#8221;|||&#8221; custom_padding__hover=&#8221;|||&#8221;][et_pb_text _builder_version=&#8221;4.9.10&#8243; text_text_color=&#8221;#FFCC33&#8243; header_font=&#8221;||||||||&#8221; header_2_font=&#8221;Rubik|700|||||||&#8221; header_2_text_color=&#8221;#ffb400&#8243; header_2_font_size=&#8221;42px&#8221; header_2_line_height=&#8221;1.2em&#8221; header_4_font=&#8221;Rubik||||||||&#8221; header_4_font_size=&#8221;28px&#8221; header_4_line_height=&#8221;1.4em&#8221; header_2_font_size_tablet=&#8221;&#8221; header_2_font_size_phone=&#8221;36px&#8221; header_2_font_size_last_edited=&#8221;on|phone&#8221;]<\/p>\n<h2 style=\"color: #ffcc33;\">Chodzi Ci po glowie jaki\u015b pomys\u0142?<\/h2>\n<h2 style=\"color: #ffcc33;\">Zrealizujmy go razem!<\/h2>\n<p>[\/et_pb_text][\/et_pb_column][\/et_pb_row][\/et_pb_section][et_pb_section fb_built=&#8221;1&#8243; admin_label=&#8221;FAQ&#8221; _builder_version=&#8221;4.9.10&#8243; background_color=&#8221;#f7f7f7&#8243;][et_pb_row column_structure=&#8221;1_2,1_2&#8243; _builder_version=&#8221;3.25&#8243;][et_pb_column type=&#8221;1_2&#8243; _builder_version=&#8221;3.25&#8243; custom_padding=&#8221;|||&#8221; custom_padding__hover=&#8221;|||&#8221;][et_pb_text _builder_version=&#8221;4.9.10&#8243; text_font=&#8221;||||||||&#8221; header_font=&#8221;||||||||&#8221; header_2_font=&#8221;Rubik|700|||||||&#8221; header_2_font_size=&#8221;42px&#8221; header_2_line_height=&#8221;1.2em&#8221; custom_margin=&#8221;|||&#8221; custom_padding=&#8221;|||&#8221; header_2_font_size_tablet=&#8221;&#8221; header_2_font_size_phone=&#8221;36px&#8221; header_2_font_size_last_edited=&#8221;on|phone&#8221; locked=&#8221;off&#8221;]<\/p>\n<h2>Kontakt<\/h2>\n<p>[\/et_pb_text][et_pb_divider color=&#8221;#ffb400&#8243; divider_position=&#8221;center&#8221; divider_weight=&#8221;5px&#8221; _builder_version=&#8221;3.9&#8243; max_width=&#8221;50px&#8221; locked=&#8221;off&#8221;][\/et_pb_divider][et_pb_contact_form email=&#8221;woolsky@gmail.com&#8221; success_message=&#8221;Mail zosta\u0142 wys\u0142any&#8221; submit_button_text=&#8221;Wy\u015blij&#8221; module_id=&#8221;et_pb_contact_form_0&#8243; _builder_version=&#8221;4.9.10&#8243; form_field_background_color=&#8221;#ffffff&#8221; title_font=&#8221;Arimo|700|||||||&#8221; title_font_size=&#8221;42px&#8221; form_field_font=&#8221;Arimo||||||||&#8221; custom_button=&#8221;on&#8221; button_text_size=&#8221;14px&#8221; button_text_color=&#8221;#2a2a2a&#8221; button_border_width=&#8221;4px&#8221; button_border_radius=&#8221;0px&#8221; button_letter_spacing=&#8221;4px&#8221; button_font=&#8221;Arimo|700||on|||||&#8221; button_icon=&#8221;%%3%%&#8221; title_font_size_tablet=&#8221;&#8221; title_font_size_phone=&#8221;36px&#8221; title_font_size_last_edited=&#8221;on|phone&#8221; form_background_color=&#8221;#ffffff&#8221; button_text_color_hover=&#8221;#ffffff&#8221; button_bg_color_hover=&#8221;#2a2a2a&#8221; button_border_color_hover=&#8221;#2a2a2a&#8221;][et_pb_contact_field field_id=&#8221;Name&#8221; field_title=&#8221;Imi\u0119&#8221; fullwidth_field=&#8221;on&#8221; _builder_version=&#8221;4.9.10&#8243; button_text_size__hover_enabled=&#8221;off&#8221; button_one_text_size__hover_enabled=&#8221;off&#8221; button_two_text_size__hover_enabled=&#8221;off&#8221; button_text_color__hover_enabled=&#8221;off&#8221; button_one_text_color__hover_enabled=&#8221;off&#8221; button_two_text_color__hover_enabled=&#8221;off&#8221; button_border_width__hover_enabled=&#8221;off&#8221; button_one_border_width__hover_enabled=&#8221;off&#8221; button_two_border_width__hover_enabled=&#8221;off&#8221; button_border_color__hover_enabled=&#8221;off&#8221; button_one_border_color__hover_enabled=&#8221;off&#8221; button_two_border_color__hover_enabled=&#8221;off&#8221; button_border_radius__hover_enabled=&#8221;off&#8221; button_one_border_radius__hover_enabled=&#8221;off&#8221; button_two_border_radius__hover_enabled=&#8221;off&#8221; button_letter_spacing__hover_enabled=&#8221;off&#8221; button_one_letter_spacing__hover_enabled=&#8221;off&#8221; button_two_letter_spacing__hover_enabled=&#8221;off&#8221; button_bg_color__hover_enabled=&#8221;off&#8221; button_one_bg_color__hover_enabled=&#8221;off&#8221; button_two_bg_color__hover_enabled=&#8221;off&#8221;][\/et_pb_contact_field][et_pb_contact_field field_id=&#8221;Email&#8221; field_title=&#8221;Email&#8221; field_type=&#8221;email&#8221; fullwidth_field=&#8221;on&#8221; _builder_version=&#8221;4.9.10&#8243; button_text_size__hover_enabled=&#8221;off&#8221; button_one_text_size__hover_enabled=&#8221;off&#8221; button_two_text_size__hover_enabled=&#8221;off&#8221; button_text_color__hover_enabled=&#8221;off&#8221; button_one_text_color__hover_enabled=&#8221;off&#8221; button_two_text_color__hover_enabled=&#8221;off&#8221; button_border_width__hover_enabled=&#8221;off&#8221; button_one_border_width__hover_enabled=&#8221;off&#8221; button_two_border_width__hover_enabled=&#8221;off&#8221; button_border_color__hover_enabled=&#8221;off&#8221; button_one_border_color__hover_enabled=&#8221;off&#8221; button_two_border_color__hover_enabled=&#8221;off&#8221; button_border_radius__hover_enabled=&#8221;off&#8221; button_one_border_radius__hover_enabled=&#8221;off&#8221; button_two_border_radius__hover_enabled=&#8221;off&#8221; button_letter_spacing__hover_enabled=&#8221;off&#8221; button_one_letter_spacing__hover_enabled=&#8221;off&#8221; button_two_letter_spacing__hover_enabled=&#8221;off&#8221; button_bg_color__hover_enabled=&#8221;off&#8221; button_one_bg_color__hover_enabled=&#8221;off&#8221; button_two_bg_color__hover_enabled=&#8221;off&#8221;][\/et_pb_contact_field][et_pb_contact_field field_id=&#8221;telefon&#8221; field_title=&#8221;Nr telefonu&#8221; fullwidth_field=&#8221;on&#8221; _builder_version=&#8221;4.9.10&#8243; _module_preset=&#8221;default&#8221;][\/et_pb_contact_field][et_pb_contact_field field_id=&#8221;Message&#8221; field_title=&#8221;Wiadomo\u015b\u0107&#8221; field_type=&#8221;text&#8221; fullwidth_field=&#8221;on&#8221; _builder_version=&#8221;4.9.10&#8243; button_text_size__hover_enabled=&#8221;off&#8221; button_one_text_size__hover_enabled=&#8221;off&#8221; button_two_text_size__hover_enabled=&#8221;off&#8221; button_text_color__hover_enabled=&#8221;off&#8221; button_one_text_color__hover_enabled=&#8221;off&#8221; button_two_text_color__hover_enabled=&#8221;off&#8221; button_border_width__hover_enabled=&#8221;off&#8221; button_one_border_width__hover_enabled=&#8221;off&#8221; button_two_border_width__hover_enabled=&#8221;off&#8221; button_border_color__hover_enabled=&#8221;off&#8221; button_one_border_color__hover_enabled=&#8221;off&#8221; button_two_border_color__hover_enabled=&#8221;off&#8221; button_border_radius__hover_enabled=&#8221;off&#8221; button_one_border_radius__hover_enabled=&#8221;off&#8221; button_two_border_radius__hover_enabled=&#8221;off&#8221; button_letter_spacing__hover_enabled=&#8221;off&#8221; button_one_letter_spacing__hover_enabled=&#8221;off&#8221; button_two_letter_spacing__hover_enabled=&#8221;off&#8221; button_bg_color__hover_enabled=&#8221;off&#8221; button_one_bg_color__hover_enabled=&#8221;off&#8221; button_two_bg_color__hover_enabled=&#8221;off&#8221;][\/et_pb_contact_field][\/et_pb_contact_form][\/et_pb_column][et_pb_column type=&#8221;1_2&#8243; _builder_version=&#8221;3.25&#8243; custom_padding=&#8221;|||&#8221; custom_padding__hover=&#8221;|||&#8221;][et_pb_accordion closed_toggle_text_color=&#8221;#2a2a2a&#8221; closed_toggle_background_color=&#8221;#ffffff&#8221; icon_color=&#8221;#ffb400&#8243; _builder_version=&#8221;4.9.10&#8243; toggle_font=&#8221;Rubik|700|||||||&#8221; toggle_font_size=&#8221;14px&#8221; toggle_line_height=&#8221;1.4em&#8221; body_font=&#8221;||||||||&#8221; body_font_size=&#8221;15px&#8221; body_line_height=&#8221;1.8em&#8221; background_color=&#8221;#D3D3D3&#8243; custom_margin=&#8221;|||&#8221; custom_padding=&#8221;|||&#8221; border_width_all=&#8221;0px&#8221;][et_pb_accordion_item title=&#8221;FIRMA&#8221; icon_color=&#8221;#E67817&#8243; use_icon_font_size=&#8221;on&#8221; _builder_version=&#8221;4.9.10&#8243; background_color=&#8221;#FFFFFF&#8221; background_enable_color=&#8221;on&#8221; custom_margin=&#8221;1px||1px||true&#8221; open=&#8221;off&#8221;]<\/p>\n<h5><span style=\"color: #000000;\">ENERGOREMONT \u015aWIECIE SP. Z O.O.<\/span><\/h5>\n<h5><span style=\"color: #000000;\">86-105 \u015aWIECIE<\/span><\/h5>\n<h5><span style=\"color: #000000;\">UL. BYDGOSKA 1<\/span><\/h5>\n<h5><span style=\"color: #000000;\">TEL: +48 \/ 52 \/ 33 33 930<\/span><\/h5>\n<h5><span style=\"color: #000000;\">NIP: PL5591001719<\/span><\/h5>\n<h5><span style=\"color: #000000;\">REGON: 090070128<\/span><\/h5>\n<h5><span style=\"color: #000000;\">KRS: 0001058838<\/span><\/h5>\n<h5><span style=\"color: #000000;\">S\u0104D REJONOWY W BYDGOSZCZY, XIII WYDZIA\u0141 GOSPODARCZY KRAJOWEGO REJESTRU S\u0104DOWEGO<\/span>\u00a0<\/h5>\n<h5><span style=\"color: #000000;\">BDO 000035623<\/span>\u00a0<\/h5>\n<h5><span style=\"color: #000000;\">Kapita\u0142 zak\u0142adowy:\u00a0 2 000 000 z\u0142<\/span><\/h5>\n<p>&nbsp;<\/p>\n<p><span style=\"color: #000000;\"><strong>Zapytania ofertowe prosimy kierowa\u0107 na adres: <\/strong><a href=\"mailto:energoremont@energoremont-swiecie.pl\" style=\"color: #000000;\">energoremont@energoremont-swiecie.pl<\/a><\/span><\/p>\n<p>[\/et_pb_accordion_item][et_pb_accordion_item title=&#8221;OSOBY KONTAKTOWE&#8221; _builder_version=&#8221;4.9.10&#8243; custom_margin=&#8221;1px||1px||true&#8221; open=&#8221;on&#8221;]<\/p>\n<p><span style=\"color: #000000;\"><strong>Adam R\u00f3\u017cycki &#8211; Pe\u0142nomocnik Zarz\u0105du<\/strong><\/span><\/p>\n<p><span style=\"color: #000000; font-size: 15px;\">mobile: +48 608 376 741<\/span><\/p>\n<p><span style=\"color: #000000;\"><a href=\"mailto:adam.rozycki@energoremont-swiecie.pl\" style=\"color: #000000;\">adam.rozycki@energoremont-swiecie.pl<\/a><\/span><\/p>\n<hr \/>\n<p><span style=\"color: #000000;\"><strong>Pawe\u0142 Steckiewicz &#8211; Kierownik Kosztorysowania i Marketingu<\/strong><\/span><\/p>\n<p><span style=\"color: #000000;\">mobile: +48 608 502 866<\/span><\/p>\n<p><span style=\"color: #000000;\"><a href=\"mailto:pawel.steckiewicz@energoremont-swiecie.eu\" style=\"color: #000000;\">pawel.steckiewicz@energoremont-swiecie.eu<\/a><\/span><\/p>\n<hr \/>\n<p>&nbsp;<\/p>\n<p>[\/et_pb_accordion_item][et_pb_accordion_item title=&#8221;DZIA\u0141 ZAKUP\u00d3W I KONTROLI JAKO\u015aCI&#8221; _builder_version=&#8221;4.9.10&#8243; custom_margin=&#8221;1px||1px||true&#8221; open=&#8221;off&#8221;]<\/p>\n<p><span style=\"color: #000000;\"><strong>Robert Olkiewicz &#8211; Kierownik Kontroli Jako\u015bci i Dzia\u0142u Zakup\u00f3w<\/strong><\/span><\/p>\n<p><span style=\"color: #000000;\">mobile: +48 660 761 943<\/span><\/p>\n<p><span style=\"color: #000000;\"><a href=\"mailto:robert.olkiewicz@energoremont-swiecie.eu\" style=\"color: #000000;\">robert.olkiewicz@energoremont-swiecie.eu<\/a><\/span><\/p>\n<p><span style=\"color: #000000;\"><strong>Arkadiusz Ciesielski &#8211; Specjalista d\/s Zakup\u00f3w<\/strong><\/span><\/p>\n<p><span style=\"color: #000000;\"><a href=\"mailto:arkadiusz.ciesielski@energoremont-swiecie.eu\" style=\"color: #000000;\">arkadiusz.ciesielski@energoremont-swiecie.eu<\/a><\/span><\/p>\n<p>[\/et_pb_accordion_item][et_pb_accordion_item title=&#8221;DZIA\u0141 LOGISTYKI&#8221; open=&#8221;off&#8221; _builder_version=&#8221;4.9.10&#8243; custom_margin=&#8221;1px||1px||true&#8221;]<\/p>\n<p><span style=\"color: #000000;\"><strong>Piotr Janaszek &#8211; Kierownik Logistyki<\/strong><a href=\"mailto:arkadiusz.ciesielski@energoremont-swiecie.eu\" style=\"color: #000000;\"><\/a><\/span><\/p>\n<p><span style=\"color: #000000;\">mobile: +48 608 502 877<a href=\"mailto:arkadiusz.ciesielski@energoremont-swiecie.eu\" style=\"color: #000000;\"><br \/><\/a><a href=\"mailto:piotr.janaszek@energoremont-swiecie.eu\" style=\"color: #000000;\">piotr.janaszek@energoremont-swiecie.eu<\/a><\/span><\/p>\n<p>[\/et_pb_accordion_item][\/et_pb_accordion][\/et_pb_column][\/et_pb_row][\/et_pb_section]<\/p>\n","protected":false},"excerpt":{"rendered":"<p>Bad\u017cmy w kontakcie &#xe01d; Biuro Bydgoska 1, 86-105 \u015awiecie &#x7d; Godziny pracy Pon.-Pt: 7:00-15:00 Chodzi Ci po glowie jaki\u015b pomys\u0142? Zrealizujmy go razem! Kontakt Imi\u0119 Email Nr telefonu Wiadomo\u015b\u0107 12 + 9 = Wy\u015blij FIRMA ENERGOREMONT \u015aWIECIE SP. Z O.O. 86-105 \u015aWIECIE UL. BYDGOSKA 1 TEL: +48 \/ 52 \/ 33 33 930 NIP: PL5591001719 [&hellip;]<\/p>\n","protected":false},"author":1,"featured_media":0,"parent":0,"menu_order":0,"comment_status":"closed","ping_status":"closed","template":"","meta":{"_et_pb_use_builder":"on","_et_pb_old_content":"","_et_gb_content_width":""},"_links":{"self":[{"href":"https:\/\/energoremont-swiecie.pl\/index.php?rest_route=\/wp\/v2\/pages\/527"}],"collection":[{"href":"https:\/\/energoremont-swiecie.pl\/index.php?rest_route=\/wp\/v2\/pages"}],"about":[{"href":"https:\/\/energoremont-swiecie.pl\/index.php?rest_route=\/wp\/v2\/types\/page"}],"author":[{"embeddable":true,"href":"https:\/\/energoremont-swiecie.pl\/index.php?rest_route=\/wp\/v2\/users\/1"}],"replies":[{"embeddable":true,"href":"https:\/\/energoremont-swiecie.pl\/index.php?rest_route=%2Fwp%2Fv2%2Fcomments&post=527"}],"version-history":[{"count":28,"href":"https:\/\/energoremont-swiecie.pl\/index.php?rest_route=\/wp\/v2\/pages\/527\/revisions"}],"predecessor-version":[{"id":1383,"href":"https:\/\/energoremont-swiecie.pl\/index.php?rest_route=\/wp\/v2\/pages\/527\/revisions\/1383"}],"wp:attachment":[{"href":"https:\/\/energoremont-swiecie.pl\/index.php?rest_route=%2Fwp%2Fv2%2Fmedia&parent=527"}],"curies":[{"name":"wp","href":"https:\/\/api.w.org\/{rel}","templated":true}]}}