{"id":903,"date":"2021-09-27T06:13:36","date_gmt":"2021-09-27T05:13:36","guid":{"rendered":"http:\/\/energoremont.wswieciu.pl\/?page_id=903"},"modified":"2021-09-29T21:42:25","modified_gmt":"2021-09-29T20:42:25","slug":"remonty-i-montaz-urzadzen","status":"publish","type":"page","link":"https:\/\/energoremont-swiecie.pl\/?page_id=903","title":{"rendered":"Remonty i monta\u017c urz\u0105dze\u0144"},"content":{"rendered":"<p>[et_pb_section fb_built=&#8221;1&#8243; admin_label=&#8221;Services&#8221; _builder_version=&#8221;4.9.10&#8243; _module_preset=&#8221;default&#8221; background_color=&#8221;#f7f7f7&#8243; custom_padding=&#8221;3px|||||&#8221;][et_pb_row column_structure=&#8221;1_4,1_4,1_4,1_4&#8243; _builder_version=&#8221;4.9.10&#8243; _module_preset=&#8221;default&#8221; background_color=&#8221;#FFCC33&#8243; custom_margin=&#8221;19px||0px||false|false&#8221; custom_padding=&#8221;|22px|6px|34px|false|false&#8221;][et_pb_column type=&#8221;1_4&#8243; admin_label=&#8221;Kolumna&#8221; _builder_version=&#8221;4.9.10&#8243; _module_preset=&#8221;default&#8221; background_color=&#8221;#FFCC33&#8243; custom_padding=&#8221;|||0px|false|false&#8221;][et_pb_image src=&#8221;https:\/\/energoremont-swiecie.pl\/wp-content\/uploads\/2021\/07\/019.jpg&#8221; alt=&#8221;konstrukcje&#8221; title_text=&#8221;Konstrukcje stalowe&#8221; url=&#8221;https:\/\/energoremont-swiecie.pl\/?page_id=493&#8243; align=&#8221;center&#8221; _builder_version=&#8221;4.9.10&#8243; _module_preset=&#8221;default&#8221; max_width=&#8221;900px&#8221; max_height=&#8221;675px&#8221; custom_margin=&#8221;-10px|||-10px|false|false&#8221;][\/et_pb_image][et_pb_text _builder_version=&#8221;4.9.10&#8243; _module_preset=&#8221;default&#8221; text_font=&#8221;Abhaya Libre||||||||&#8221; text_text_color=&#8221;#000000&#8243; text_font_size=&#8221;30px&#8221; background_color=&#8221;#FFCC33&#8243; text_orientation=&#8221;center&#8221; custom_margin=&#8221;-19px||2px|-10px|false|false&#8221; custom_padding=&#8221;||0px||false|false&#8221; link_option_url=&#8221;https:\/\/energoremont-swiecie.pl\/?page_id=493&#8243;]<\/p>\n<p style=\"text-align: center;\">Konstrukcje stalowe<\/p>\n<p>[\/et_pb_text][\/et_pb_column][et_pb_column type=&#8221;1_4&#8243; _builder_version=&#8221;4.9.10&#8243; _module_preset=&#8221;default&#8221; background_color=&#8221;#FFCC33&#8243;][et_pb_image src=&#8221;https:\/\/energoremont-swiecie.pl\/wp-content\/uploads\/2021\/09\/aa003-5.jpg&#8221; alt=&#8221;Serwis papiernictwo&#8221; title_text=&#8221;aa003&#8243; url=&#8221;https:\/\/energoremont-swiecie.pl\/?page_id=484&#8243; align=&#8221;center&#8221; _builder_version=&#8221;4.9.10&#8243; _module_preset=&#8221;default&#8221; custom_margin=&#8221;-10px|||-15px|false|false&#8221;][\/et_pb_image][et_pb_text _builder_version=&#8221;4.9.10&#8243; _module_preset=&#8221;default&#8221; text_font=&#8221;Abhaya Libre||||||||&#8221; text_text_color=&#8221;#000000&#8243; text_font_size=&#8221;30px&#8221; background_color=&#8221;#FFCC33&#8243; text_orientation=&#8221;center&#8221; custom_margin=&#8221;-19px||2px|-12px|false|false&#8221; custom_padding=&#8221;||0px||false|false&#8221; link_option_url=&#8221;http:\/\/energoremont.wswieciu.pl\/?page_id=484&#8243;]<\/p>\n<p style=\"text-align: center;\">Zbiorniki<\/p>\n<p>[\/et_pb_text][\/et_pb_column][et_pb_column type=&#8221;1_4&#8243; _builder_version=&#8221;4.9.10&#8243; _module_preset=&#8221;default&#8221; background_color=&#8221;#FFCC33&#8243;][et_pb_image src=&#8221;https:\/\/energoremont-swiecie.pl\/wp-content\/uploads\/2021\/09\/cccc.jpg&#8221; alt=&#8221;zbiorniki przemys\u0142owe&#8221; title_text=&#8221;bdr&#8221; url=&#8221;https:\/\/energoremont-swiecie.pl\/?page_id=466&#8243; align=&#8221;center&#8221; _builder_version=&#8221;4.9.10&#8243; _module_preset=&#8221;default&#8221; custom_margin=&#8221;-10px|0px||-15px|false|false&#8221;][\/et_pb_image][et_pb_text _builder_version=&#8221;4.9.10&#8243; _module_preset=&#8221;default&#8221; text_font=&#8221;Abhaya Libre||||||||&#8221; text_text_color=&#8221;#000000&#8243; text_font_size=&#8221;30px&#8221; background_color=&#8221;#FFCC33&#8243; text_orientation=&#8221;center&#8221; custom_margin=&#8221;-19px||2px|-15px|false|false&#8221; custom_padding=&#8221;||0px||false|false&#8221; link_option_url=&#8221;https:\/\/energoremont-swiecie.pl\/?page_id=466&#8243;]<\/p>\n<p style=\"text-align: center;\"><span style=\"color: #000000;\">Remonty urz. energetycznych<\/span><\/p>\n<p>[\/et_pb_text][\/et_pb_column][et_pb_column type=&#8221;1_4&#8243; _builder_version=&#8221;4.9.10&#8243; _module_preset=&#8221;default&#8221; background_color=&#8221;#FFCC33&#8243;][et_pb_image src=&#8221;https:\/\/energoremont-swiecie.pl\/wp-content\/uploads\/2021\/09\/dddd.jpg&#8221; alt=&#8221;zbiorniki przemys\u0142owe&#8221; title_text=&#8221;dddd&#8221; url=&#8221;https:\/\/energoremont-swiecie.pl\/?page_id=820&#8243; align=&#8221;center&#8221; _builder_version=&#8221;4.9.10&#8243; _module_preset=&#8221;default&#8221; custom_margin=&#8221;-10px|0px||-15px|false|false&#8221; hover_enabled=&#8221;0&#8243; sticky_enabled=&#8221;0&#8243;][\/et_pb_image][et_pb_text _builder_version=&#8221;4.9.10&#8243; _module_preset=&#8221;default&#8221; text_font=&#8221;Abhaya Libre||||||||&#8221; text_text_color=&#8221;#000000&#8243; text_font_size=&#8221;30px&#8221; background_color=&#8221;#FFCC33&#8243; custom_margin=&#8221;-19px||2px|-15px|false|false&#8221; custom_padding=&#8221;||0px||false|false&#8221; link_option_url=&#8221;https:\/\/energoremont-swiecie.pl\/?page_id=820&#8243; hover_enabled=&#8221;0&#8243; sticky_enabled=&#8221;0&#8243;]<\/p>\n<p style=\"text-align: center;\"><span style=\"color: #000000;\">Instalacje ruroci\u0105gowe<\/span><\/p>\n<p>[\/et_pb_text][\/et_pb_column][\/et_pb_row][et_pb_row _builder_version=&#8221;4.9.10&#8243; _module_preset=&#8221;default&#8221; custom_margin=&#8221;|auto|-27px|auto||&#8221;][et_pb_column type=&#8221;4_4&#8243; _builder_version=&#8221;4.9.10&#8243; _module_preset=&#8221;default&#8221;][et_pb_text _builder_version=&#8221;4.9.10&#8243; _module_preset=&#8221;default&#8221; border_width_bottom=&#8221;8px&#8221; border_color_bottom=&#8221;#FFCC33&#8243;]<\/p>\n<h1><strong>Generalne remonty i monta\u017ce urz\u0105dze\u0144<\/strong><\/h1>\n<p>[\/et_pb_text][\/et_pb_column][\/et_pb_row][et_pb_row column_structure=&#8221;2_5,3_5&#8243; _builder_version=&#8221;4.9.10&#8243; _module_preset=&#8221;default&#8221; background_enable_image=&#8221;off&#8221;][et_pb_column type=&#8221;2_5&#8243; _builder_version=&#8221;4.9.10&#8243; _module_preset=&#8221;default&#8221; background_enable_image=&#8221;off&#8221;][et_pb_image src=&#8221;https:\/\/energoremont-swiecie.pl\/wp-content\/uploads\/2021\/09\/aa001-2.jpg&#8221; alt=&#8221;zbiorniki&#8221; title_text=&#8221;aa001&#8243; show_in_lightbox=&#8221;on&#8221; _builder_version=&#8221;4.9.10&#8243; _module_preset=&#8221;default&#8221; background_color=&#8221;RGBA(0,0,0,0)&#8221; custom_margin=&#8221;||-10px||false|false&#8221; filter_saturate=&#8221;128%&#8221; hover_enabled=&#8221;0&#8243; border_width_all=&#8221;12px&#8221; border_color_all=&#8221;#FFCC33&#8243; sticky_enabled=&#8221;0&#8243;][\/et_pb_image][et_pb_image src=&#8221;https:\/\/energoremont-swiecie.pl\/wp-content\/uploads\/2021\/09\/Clipboard01.jpg&#8221; alt=&#8221;zbiorniki&#8221; title_text=&#8221;Clipboard01&#8243; show_in_lightbox=&#8221;on&#8221; _builder_version=&#8221;4.9.10&#8243; _module_preset=&#8221;default&#8221; background_color=&#8221;RGBA(0,0,0,0)&#8221; custom_margin=&#8221;0px||||false|false&#8221; custom_padding=&#8221;0px||||false|false&#8221; filter_saturate=&#8221;128%&#8221; hover_enabled=&#8221;0&#8243; border_width_all=&#8221;12px&#8221; border_color_all=&#8221;#FFCC33&#8243; sticky_enabled=&#8221;0&#8243;][\/et_pb_image][\/et_pb_column][et_pb_column type=&#8221;3_5&#8243; _builder_version=&#8221;4.9.10&#8243; _module_preset=&#8221;default&#8221;][et_pb_text module_id=&#8221;ulli&#8221; _builder_version=&#8221;4.9.10&#8243; _module_preset=&#8221;default&#8221; text_font=&#8221;Arial||||||||&#8221; text_text_color=&#8221;#000000&#8243; text_font_size=&#8221;16px&#8221; text_letter_spacing=&#8221;1px&#8221; text_line_height=&#8221;1.6em&#8221; background_color=&#8221;#f7f7f7&#8243; custom_margin=&#8221;13px||||false|false&#8221; custom_css_before=&#8221;||&#8221;]<\/p>\n<p>Nasza firma od lat realizuje remonty w bran\u017cach Petro-Chemicznej, Papierniczej, Energetycznej jako Generalny Wykonawca.<\/p>\n<p>Wsp\u00f3\u0142pracujemy z wiod\u0105cymi firmami w bran\u017cy jak PKN ORLEN S.A., MONDI<br \/>\u015awiecie S.A., INTERNATIONAL PAPER, STORAENSO i wiele innych, wykonuj\u0105c kompleksowo prace remontowo-monta\u017cowe jak i przegl\u0105dy urz\u0105dze\u0144. Bior\u0105c pod uwag\u0119 wymagaj\u0105ce otoczenie i specyfik\u0119 pracy jeste\u015bmy gotowi do \u015bwiadczenia us\u0142ug na najwy\u017cszym technicznym poziomie. \u015awiadczymy m.in. nast\u0119puj\u0105ce us\u0142ugi:<\/p>\n<ul>\n<li>wymiany kompleksowe urz\u0105dze\u0144 typu reaktory, wymienniki, zbiorniki z przynale\u017cnymi instalacjami<\/li>\n<li>modernizacje oraz remonty instalacji ruroci\u0105gowych, urz\u0105dze\u0144 procesowych takich jak pompy, wymienniki ciep\u0142a itd,<\/li>\n<li>remonty przeno\u015bnik\u00f3w,<\/li>\n<li>remonty i przegl\u0105dy osadnik\u00f3w Dora na Oczyszczalniach \u015aciek\u00f3w,<\/li>\n<li>przegl\u0105dy mechaniczne urz\u0105dze\u0144 r\u00f3\u017cnego typu.<\/li>\n<\/ul>\n<p>[\/et_pb_text][\/et_pb_column][\/et_pb_row][\/et_pb_section]<\/p>\n","protected":false},"excerpt":{"rendered":"<p>Konstrukcje stalowe Zbiorniki Remonty urz. energetycznych Instalacje ruroci\u0105gowe Generalne remonty i monta\u017ce urz\u0105dze\u0144 Nasza firma od lat realizuje remonty w bran\u017cach Petro-Chemicznej, Papierniczej, Energetycznej jako Generalny Wykonawca. Wsp\u00f3\u0142pracujemy z wiod\u0105cymi firmami w bran\u017cy jak PKN ORLEN S.A., MONDI\u015awiecie S.A., INTERNATIONAL PAPER, STORAENSO i wiele innych, wykonuj\u0105c kompleksowo prace remontowo-monta\u017cowe jak i przegl\u0105dy urz\u0105dze\u0144. Bior\u0105c pod [&hellip;]<\/p>\n","protected":false},"author":1,"featured_media":0,"parent":0,"menu_order":0,"comment_status":"closed","ping_status":"closed","template":"","meta":{"_et_pb_use_builder":"on","_et_pb_old_content":"","_et_gb_content_width":""},"_links":{"self":[{"href":"https:\/\/energoremont-swiecie.pl\/index.php?rest_route=\/wp\/v2\/pages\/903"}],"collection":[{"href":"https:\/\/energoremont-swiecie.pl\/index.php?rest_route=\/wp\/v2\/pages"}],"about":[{"href":"https:\/\/energoremont-swiecie.pl\/index.php?rest_route=\/wp\/v2\/types\/page"}],"author":[{"embeddable":true,"href":"https:\/\/energoremont-swiecie.pl\/index.php?rest_route=\/wp\/v2\/users\/1"}],"replies":[{"embeddable":true,"href":"https:\/\/energoremont-swiecie.pl\/index.php?rest_route=%2Fwp%2Fv2%2Fcomments&post=903"}],"version-history":[{"count":7,"href":"https:\/\/energoremont-swiecie.pl\/index.php?rest_route=\/wp\/v2\/pages\/903\/revisions"}],"predecessor-version":[{"id":1271,"href":"https:\/\/energoremont-swiecie.pl\/index.php?rest_route=\/wp\/v2\/pages\/903\/revisions\/1271"}],"wp:attachment":[{"href":"https:\/\/energoremont-swiecie.pl\/index.php?rest_route=%2Fwp%2Fv2%2Fmedia&parent=903"}],"curies":[{"name":"wp","href":"https:\/\/api.w.org\/{rel}","templated":true}]}}